{"id":516,"date":"2025-09-29T07:10:39","date_gmt":"2025-09-29T05:10:39","guid":{"rendered":"https:\/\/premierespe.flashphys.fr\/?page_id=516"},"modified":"2025-11-18T15:53:32","modified_gmt":"2025-11-18T14:53:32","slug":"correction-ds-2025","status":"publish","type":"page","link":"https:\/\/premierespe.flashphys.fr\/?page_id=516","title":{"rendered":"CORRECTION DS 2025"},"content":{"rendered":"\n<p>DS 1 : lentilles<\/p>\n\n\n\n<div class=\"wp-block-file\"><a id=\"wp-block-file--media-85d41169-e27f-4fbb-9153-b2128cd175a4\" href=\"https:\/\/premierespe.flashphys.fr\/wp-content\/uploads\/2025\/09\/corrge-ds-premi-lentlle.pdf\">corrge-ds-premi-lentlle<\/a><a href=\"https:\/\/premierespe.flashphys.fr\/wp-content\/uploads\/2025\/09\/corrge-ds-premi-lentlle.pdf\" class=\"wp-block-file__button wp-element-button\" download aria-describedby=\"wp-block-file--media-85d41169-e27f-4fbb-9153-b2128cd175a4\">T\u00e9l\u00e9charger<\/a><\/div>\n\n\n\n<p>DS 2 : lumi\u00e8res et couleurs<\/p>\n\n\n\n<div class=\"wp-block-file\"><a id=\"wp-block-file--media-6ef2880a-0003-4abd-bc45-0722cadb5d61\" href=\"https:\/\/premierespe.flashphys.fr\/wp-content\/uploads\/2025\/11\/ds-lumiere-2025corrige.pdf\">ds-lumiere-2025corrige<\/a><a href=\"https:\/\/premierespe.flashphys.fr\/wp-content\/uploads\/2025\/11\/ds-lumiere-2025corrige.pdf\" class=\"wp-block-file__button wp-element-button\" download aria-describedby=\"wp-block-file--media-6ef2880a-0003-4abd-bc45-0722cadb5d61\">T\u00e9l\u00e9charger<\/a><\/div>\n\n\n\n<p>DS 3 : ondes m\u00e9caniques<\/p>\n\n\n\n<div class=\"wp-block-file\"><a id=\"wp-block-file--media-d53280fc-f0bd-4392-9eb7-fd68edbab699\" href=\"https:\/\/premierespe.flashphys.fr\/wp-content\/uploads\/2025\/11\/correction-ds-ondes.pdf\">correction-ds-ondes<\/a><a href=\"https:\/\/premierespe.flashphys.fr\/wp-content\/uploads\/2025\/11\/correction-ds-ondes.pdf\" class=\"wp-block-file__button wp-element-button\" download aria-describedby=\"wp-block-file--media-d53280fc-f0bd-4392-9eb7-fd68edbab699\">T\u00e9l\u00e9charger<\/a><\/div>\n\n\n\n<p>DS 4 : quantit\u00e9 de mati\u00e8re, concentration, solutions<\/p>\n\n\n\n<div class=\"wp-block-file\"><a id=\"wp-block-file--media-c626715c-6bf5-43a8-a35c-579a4987f153\" href=\"https:\/\/premierespe.flashphys.fr\/wp-content\/uploads\/2025\/11\/ds-2025-mole-premiere-spe-corrige-1.pdf\">ds-2025-mole-premiere-spe-corrige-1<\/a><a href=\"https:\/\/premierespe.flashphys.fr\/wp-content\/uploads\/2025\/11\/ds-2025-mole-premiere-spe-corrige-1.pdf\" class=\"wp-block-file__button wp-element-button\" download aria-describedby=\"wp-block-file--media-c626715c-6bf5-43a8-a35c-579a4987f153\">T\u00e9l\u00e9charger<\/a><\/div>\n","protected":false},"excerpt":{"rendered":"<p>DS 1 : lentilles DS 2 : lumi\u00e8res et couleurs DS 3 : ondes m\u00e9caniques DS 4 : quantit\u00e9 de mati\u00e8re, concentration, solutions<\/p>\n","protected":false},"author":1,"featured_media":0,"parent":0,"menu_order":0,"comment_status":"closed","ping_status":"closed","template":"","meta":{"footnotes":""},"_links":{"self":[{"href":"https:\/\/premierespe.flashphys.fr\/index.php?rest_route=\/wp\/v2\/pages\/516"}],"collection":[{"href":"https:\/\/premierespe.flashphys.fr\/index.php?rest_route=\/wp\/v2\/pages"}],"about":[{"href":"https:\/\/premierespe.flashphys.fr\/index.php?rest_route=\/wp\/v2\/types\/page"}],"author":[{"embeddable":true,"href":"https:\/\/premierespe.flashphys.fr\/index.php?rest_route=\/wp\/v2\/users\/1"}],"replies":[{"embeddable":true,"href":"https:\/\/premierespe.flashphys.fr\/index.php?rest_route=%2Fwp%2Fv2%2Fcomments&post=516"}],"version-history":[{"count":3,"href":"https:\/\/premierespe.flashphys.fr\/index.php?rest_route=\/wp\/v2\/pages\/516\/revisions"}],"predecessor-version":[{"id":529,"href":"https:\/\/premierespe.flashphys.fr\/index.php?rest_route=\/wp\/v2\/pages\/516\/revisions\/529"}],"wp:attachment":[{"href":"https:\/\/premierespe.flashphys.fr\/index.php?rest_route=%2Fwp%2Fv2%2Fmedia&parent=516"}],"curies":[{"name":"wp","href":"https:\/\/api.w.org\/{rel}","templated":true}]}}