{"id":211,"date":"2023-09-04T10:55:37","date_gmt":"2023-09-04T08:55:37","guid":{"rendered":"https:\/\/premierespe.flashphys.fr\/?page_id=211"},"modified":"2024-09-29T20:06:43","modified_gmt":"2024-09-29T18:06:43","slug":"page-631d8ce1cbd7f-html","status":"publish","type":"page","link":"https:\/\/premierespe.flashphys.fr\/?page_id=211","title":{"rendered":"Chap 2 : Couleurs"},"content":{"rendered":"\n<figure class=\"wp-block-embed is-type-video is-provider-youtube wp-block-embed-youtube wp-embed-aspect-16-9 wp-has-aspect-ratio\"><div class=\"wp-block-embed__wrapper\">\n<iframe loading=\"lazy\" title=\"COULEUR des OBJETS ? \u2705 Synth\u00e8se additive | Physique | 1\u00e8re sp\u00e9cialit\u00e9\" width=\"1140\" height=\"641\" src=\"https:\/\/www.youtube.com\/embed\/fqrHujjh1eo?feature=oembed\" frameborder=\"0\" allow=\"accelerometer; autoplay; clipboard-write; encrypted-media; gyroscope; picture-in-picture; web-share\" referrerpolicy=\"strict-origin-when-cross-origin\" allowfullscreen><\/iframe>\n<\/div><\/figure>\n\n\n\n<h2 class=\"wp-block-heading\">Cours<\/h2>\n\n\n\n<p><a href=\"http:\/\/premierespe.flashphys.fr\/wp-content\/uploads\/2023\/09\/f9066b91f0b886ca0f2683aa337515fc.pdf\">cours couleurs.pdf<\/a><\/p>\n\n\n\n<p style=\"font-size:29px\"><strong>Fiche de m\u00e9morisation<\/strong><\/p>\n\n\n\n<div class=\"wp-block-file\"><a id=\"wp-block-file--media-48eaede7-10ca-41df-98a9-422842417a0e\" href=\"https:\/\/premierespe.flashphys.fr\/wp-content\/uploads\/2024\/09\/fiche-memo-chap-2-couleurs.docx\">fiche-memo-chap-2-couleurs<\/a><\/div>\n\n\n\n<div class=\"wp-block-file\"><a id=\"wp-block-file--media-4e9f9527-558f-4c96-9f67-ecc1e70c6d5e\" href=\"https:\/\/premierespe.flashphys.fr\/wp-content\/uploads\/2024\/09\/fiche-memo-chap-2-couleurs-correction.docx\">fiche-memo-chap-2-couleurs-correction<\/a><\/div>\n\n\n\n<h2 class=\"wp-block-heading\">Exercices<\/h2>\n\n\n\n<div class=\"wp-block-file\"><a id=\"wp-block-file--media-6c9fada7-8fce-46a4-a984-06d51c72d4cd\" href=\"https:\/\/premierespe.flashphys.fr\/wp-content\/uploads\/2024\/09\/exercices-couleur.pdf\">exercices-couleur<\/a><\/div>\n\n\n\n<div class=\"wp-block-file\"><a id=\"wp-block-file--media-98ae0132-3f32-4b21-bb79-42dfb8037f8f\" href=\"https:\/\/premierespe.flashphys.fr\/wp-content\/uploads\/2024\/09\/correction-exo-couleurs.docx\">correction-exo-couleurs<\/a><\/div>\n\n\n\n<p style=\"font-size:25px\"><strong>TP : synth\u00e8se additive et soustractive<\/strong><\/p>\n\n\n\n<p><a href=\"http:\/\/premierespe.flashphys.fr\/wp-content\/uploads\/2023\/09\/aea51c206fdde9cb759208fc53afacb5.pdf\">TP couleur.pdf<\/a><\/p>\n\n\n\n<p><a href=\"http:\/\/premierespe.flashphys.fr\/wp-content\/uploads\/2023\/09\/5a94665605e7e543bb915295cec6c0ee.pdf\">correction tp couleur.pdf<\/a><\/p>\n\n\n\n<p><a href=\"http:\/\/premierespe.flashphys.fr\/wp-content\/uploads\/2023\/09\/setup_chroma.zip\">setup_chroma.rar<\/a><\/p>\n\n\n\n<h2 class=\"wp-block-heading\">R\u00e9solution de probl\u00e8me<\/h2>\n\n\n\n<p><a href=\"http:\/\/premierespe.flashphys.fr\/wp-content\/uploads\/2023\/09\/030fe1d04c55a1bd1e8a102efa6759e4.pdf\">rdp koalas.pdf<\/a><\/p>\n\n\n\n<p><a href=\"http:\/\/premierespe.flashphys.fr\/wp-content\/uploads\/2023\/09\/4aba74bb61112e83a392494ba39b621d.pdf\">correction rdp koalas.pdf<\/a><\/p>\n","protected":false},"excerpt":{"rendered":"<p>Cours cours couleurs.pdf Fiche de m\u00e9morisation Exercices TP : synth\u00e8se additive et soustractive TP couleur.pdf correction tp couleur.pdf setup_chroma.rar R\u00e9solution de probl\u00e8me rdp koalas.pdf correction rdp koalas.pdf<\/p>\n","protected":false},"author":1,"featured_media":0,"parent":0,"menu_order":0,"comment_status":"closed","ping_status":"closed","template":"","meta":{"footnotes":""},"_links":{"self":[{"href":"https:\/\/premierespe.flashphys.fr\/index.php?rest_route=\/wp\/v2\/pages\/211"}],"collection":[{"href":"https:\/\/premierespe.flashphys.fr\/index.php?rest_route=\/wp\/v2\/pages"}],"about":[{"href":"https:\/\/premierespe.flashphys.fr\/index.php?rest_route=\/wp\/v2\/types\/page"}],"author":[{"embeddable":true,"href":"https:\/\/premierespe.flashphys.fr\/index.php?rest_route=\/wp\/v2\/users\/1"}],"replies":[{"embeddable":true,"href":"https:\/\/premierespe.flashphys.fr\/index.php?rest_route=%2Fwp%2Fv2%2Fcomments&post=211"}],"version-history":[{"count":5,"href":"https:\/\/premierespe.flashphys.fr\/index.php?rest_route=\/wp\/v2\/pages\/211\/revisions"}],"predecessor-version":[{"id":400,"href":"https:\/\/premierespe.flashphys.fr\/index.php?rest_route=\/wp\/v2\/pages\/211\/revisions\/400"}],"wp:attachment":[{"href":"https:\/\/premierespe.flashphys.fr\/index.php?rest_route=%2Fwp%2Fv2%2Fmedia&parent=211"}],"curies":[{"name":"wp","href":"https:\/\/api.w.org\/{rel}","templated":true}]}}