{"id":210,"date":"2023-09-04T10:55:37","date_gmt":"2023-09-04T08:55:37","guid":{"rendered":"https:\/\/premierespe.flashphys.fr\/?page_id=210"},"modified":"2025-04-01T06:54:12","modified_gmt":"2025-04-01T04:54:12","slug":"page-631d8ccf8f894-html","status":"publish","type":"page","link":"https:\/\/premierespe.flashphys.fr\/?page_id=210","title":{"rendered":"Chap 16 : mol\u00e9cules organiques"},"content":{"rendered":"\n<h1 class=\"wp-block-heading\"><iframe src=\"\/\/www.youtube.com\/embed\/ht0UtSN5VTo?wmode=transparent\"><\/iframe><iframe src=\"\/\/www.youtube.com\/embed\/i9kWruZdidg?wmode=transparent\"><\/iframe><iframe src=\"\/\/www.youtube.com\/embed\/zIlEP_nRSAE?wmode=transparent\"><\/iframe><\/h1>\n\n\n\n<h2 class=\"wp-block-heading\">Cours<\/h2>\n\n\n\n<p><a href=\"http:\/\/premierespe.flashphys.fr\/wp-content\/uploads\/2023\/09\/372b9456b04bb9f3d695228336aad0f4.pdf\">cours mol\u00e9cules organiques.pdf<\/a><\/p>\n\n\n\n<h2 class=\"wp-block-heading\">Activit\u00e9s en ligne : faire les &#8220;jeux&#8221; suivants en cliquant sur les liens<\/h2>\n\n\n\n<p><a href=\"https:\/\/learningapps.org\/watch?v=pnumvrz7320\">familles organiques<\/a><\/p>\n\n\n\n<p><a href=\"https:\/\/learningapps.org\/watch?v=p7qnyo9b220\">groupes fonctionnels<\/a><\/p>\n\n\n\n<p><a href=\"https:\/\/learningapps.org\/watch?v=p9s3qfp4k20\">Nommer des ald\u00e9hydes<br><\/a><\/p>\n\n\n\n<p><a href=\"https:\/\/learningapps.org\/view13364867\">Nommer des c\u00e9tones<\/a><\/p>\n\n\n\n<p><a href=\"https:\/\/learningapps.org\/watch?v=pfjz5wbet20\">Nommer les alcools<br><\/a><\/p>\n\n\n\n<p><a href=\"https:\/\/learningapps.org\/watch?v=pg7yx9x2j20\">Nomenclature mixte<\/a><\/p>\n\n\n\n<h2 class=\"wp-block-heading\">Cours spectre IR<\/h2>\n\n\n\n<p><iframe src=\"\/\/www.youtube.com\/embed\/2RVNBxejCVk?wmode=transparent\"><\/iframe><\/p>\n\n\n\n<h2 class=\"wp-block-heading\">Exercices<\/h2>\n\n\n\n<p><a href=\"http:\/\/premierespe.flashphys.fr\/wp-content\/uploads\/2023\/09\/6eed4c861832dd8d6e05f5ab63c09979.pdf\">exo molecules organiques.pdf<\/a><\/p>\n\n\n\n<p><a href=\"http:\/\/premierespe.flashphys.fr\/wp-content\/uploads\/2023\/09\/0cd2101436009f4d58f8a176fef30ff3.pdf\">corrig\u00e9 exo molecules organiques1.pdf<\/a><\/p>\n\n\n\n<p>CORRECTION<\/p>\n\n\n\n<h2 class=\"wp-block-heading\">Corrections des exercices sur les spectres<\/h2>\n\n\n\n<p><iframe src=\"\/\/www.youtube.com\/embed\/tpQUankKUGY?wmode=transparent\"><\/iframe><iframe src=\"\/\/www.youtube.com\/embed\/iMKMI8dNBz8?wmode=transparent\"><\/iframe><iframe src=\"\/\/www.youtube.com\/embed\/UvAgPbd8ITg?wmode=transparent\"><\/iframe><iframe src=\"\/\/www.youtube.com\/embed\/x3pYTEb5y1g?wmode=transparent\"><\/iframe><\/p>\n\n\n\n<p>Encore des exercices si vous estimez avoir besoin d &#8216;en faire plus (peut \u00eatre seuls ceux sur les spectres sont \u00e0 regarder, ceux sur la nomenclature ne sont peut \u00eatre pas utiles \u00e0 la vue des exos de la premi\u00e8re feuille).&nbsp;<\/p>\n\n\n\n<p><a href=\"http:\/\/premierespe.flashphys.fr\/wp-content\/uploads\/2023\/09\/8c39bd01e63db14918147386cea87154.pdf\">exo2 molec orga.pdf<\/a><\/p>\n\n\n\n<h2 class=\"wp-block-heading\"><\/h2>\n\n\n\n<h2 class=\"wp-block-heading\">R\u00e9solution de probl\u00e8me<\/h2>\n\n\n\n<p><a href=\"http:\/\/premierespe.flashphys.fr\/wp-content\/uploads\/2023\/09\/6f3460504e4c5fe513fdc7682abd73fa.pdf\">rdp spectre.pdf<\/a><\/p>\n","protected":false},"excerpt":{"rendered":"<p>Cours cours mol\u00e9cules organiques.pdf Activit\u00e9s en ligne : faire les &#8220;jeux&#8221; suivants en cliquant sur les liens familles organiques groupes fonctionnels Nommer des ald\u00e9hydes Nommer des c\u00e9tones Nommer les alcools Nomenclature mixte Cours spectre IR Exercices exo molecules organiques.pdf corrig\u00e9 exo molecules organiques1.pdf CORRECTION Corrections des exercices sur les spectres Encore des exercices si vous&hellip;<\/p>\n","protected":false},"author":1,"featured_media":0,"parent":0,"menu_order":0,"comment_status":"closed","ping_status":"closed","template":"","meta":{"footnotes":""},"_links":{"self":[{"href":"https:\/\/premierespe.flashphys.fr\/index.php?rest_route=\/wp\/v2\/pages\/210"}],"collection":[{"href":"https:\/\/premierespe.flashphys.fr\/index.php?rest_route=\/wp\/v2\/pages"}],"about":[{"href":"https:\/\/premierespe.flashphys.fr\/index.php?rest_route=\/wp\/v2\/types\/page"}],"author":[{"embeddable":true,"href":"https:\/\/premierespe.flashphys.fr\/index.php?rest_route=\/wp\/v2\/users\/1"}],"replies":[{"embeddable":true,"href":"https:\/\/premierespe.flashphys.fr\/index.php?rest_route=%2Fwp%2Fv2%2Fcomments&post=210"}],"version-history":[{"count":5,"href":"https:\/\/premierespe.flashphys.fr\/index.php?rest_route=\/wp\/v2\/pages\/210\/revisions"}],"predecessor-version":[{"id":500,"href":"https:\/\/premierespe.flashphys.fr\/index.php?rest_route=\/wp\/v2\/pages\/210\/revisions\/500"}],"wp:attachment":[{"href":"https:\/\/premierespe.flashphys.fr\/index.php?rest_route=%2Fwp%2Fv2%2Fmedia&parent=210"}],"curies":[{"name":"wp","href":"https:\/\/api.w.org\/{rel}","templated":true}]}}