{"id":209,"date":"2023-09-04T10:55:37","date_gmt":"2023-09-04T08:55:37","guid":{"rendered":"https:\/\/premierespe.flashphys.fr\/?page_id=209"},"modified":"2025-10-14T13:49:53","modified_gmt":"2025-10-14T11:49:53","slug":"page-631d8cdb77ace-html","status":"publish","type":"page","link":"https:\/\/premierespe.flashphys.fr\/?page_id=209","title":{"rendered":"Chap 4 : Ondes m\u00e9caniques"},"content":{"rendered":"\n<h1 class=\"wp-block-heading\"><iframe src=\"\/\/www.youtube.com\/embed\/S31rv2WCcAE?wmode=transparent\"><\/iframe><iframe src=\"\/\/www.youtube.com\/embed\/9Hs9jeuDzwg?wmode=transparent\"><\/iframe><iframe src=\"\/\/www.youtube.com\/embed\/BwMOveSIPLQ?wmode=transparent\"><\/iframe><iframe src=\"\/\/www.youtube.com\/embed\/X8wx9n0mgaM?wmode=transparent\"><\/iframe><\/h1>\n\n\n\n<h2 class=\"wp-block-heading\">Cours de seconde<\/h2>\n\n\n\n<p><a href=\"http:\/\/premierespe.flashphys.fr\/wp-content\/uploads\/2023\/09\/8597aad0fdc19b30cb8436440024eefd.pdf\">correction cours son.pdf<\/a><\/p>\n\n\n\n<h2 class=\"wp-block-heading\">Cours<\/h2>\n\n\n\n<p><a href=\"http:\/\/premierespe.flashphys.fr\/wp-content\/uploads\/2023\/09\/2acda171726ecf82ec83cf2d19760188.pdf\">cours ondes mecas.pdf<\/a><\/p>\n\n\n\n<p><a href=\"http:\/\/premierespe.flashphys.fr\/wp-content\/uploads\/2023\/09\/1e7416bce638baaeb7cbf076ba8a6b88.pdf\">corrig\u00e9 cours ondes meca.pdf<\/a><\/p>\n\n\n\n<p class=\"has-medium-font-size\"><strong>Fiche de m\u00e9morisation<\/strong><\/p>\n\n\n\n<div class=\"wp-block-file\"><a id=\"wp-block-file--media-693f78b3-6aff-42d3-95a8-f7238cbc982e\" href=\"https:\/\/premierespe.flashphys.fr\/wp-content\/uploads\/2024\/11\/Fiche_memorisation_Ondes_Mecaniques.docx\">Fiche_memorisation_Ondes_Mecaniques<\/a><a href=\"https:\/\/premierespe.flashphys.fr\/wp-content\/uploads\/2024\/11\/Fiche_memorisation_Ondes_Mecaniques.docx\" class=\"wp-block-file__button wp-element-button\" download aria-describedby=\"wp-block-file--media-693f78b3-6aff-42d3-95a8-f7238cbc982e\"><\/a><\/div>\n\n\n\n<h2 class=\"wp-block-heading\">Exercices<\/h2>\n\n\n\n<p><a href=\"http:\/\/premierespe.flashphys.fr\/wp-content\/uploads\/2023\/09\/49ef668a06d9fc17aa616722ab7df1c6.pdf\">exos ondes meca.pdf<\/a><\/p>\n\n\n\n<div class=\"wp-block-file\"><a id=\"wp-block-file--media-53b5072e-4c57-4d22-8abf-1eaf560cb42c\" href=\"https:\/\/premierespe.flashphys.fr\/wp-content\/uploads\/2025\/10\/exos-ondes-meca-corr2025.docx\">exos-ondes-meca-corr2025<\/a><a href=\"https:\/\/premierespe.flashphys.fr\/wp-content\/uploads\/2025\/10\/exos-ondes-meca-corr2025.docx\" class=\"wp-block-file__button wp-element-button\" download aria-describedby=\"wp-block-file--media-53b5072e-4c57-4d22-8abf-1eaf560cb42c\">T\u00e9l\u00e9charger<\/a><\/div>\n\n\n\n<p><iframe src=\"\/\/www.youtube.com\/embed\/-Zk9KTS4p9A?wmode=transparent\"><\/iframe><iframe src=\"\/\/www.youtube.com\/embed\/03oTI3V82uM?wmode=transparent\"><\/iframe><iframe src=\"\/\/www.youtube.com\/embed\/otZ5WmFpV3U?wmode=transparent\"><\/iframe><iframe src=\"\/\/www.youtube.com\/embed\/7bESxax6jkE?wmode=transparent\"><\/iframe><\/p>\n\n\n\n<p><a href=\"http:\/\/premierespe.flashphys.fr\/wp-content\/uploads\/2023\/09\/5c750b7f2f3a79518d6d2ca39821dc3d.pdf\">exo ressort Python.pdf<\/a><\/p>\n\n\n\n<p style=\"font-size:26px\"><strong>TP : ondes ultrasonores<\/strong><\/p>\n\n\n\n<div class=\"wp-block-file\"><a id=\"wp-block-file--media-337f27f7-2079-4889-ae57-b1d49af19362\" href=\"https:\/\/premierespe.flashphys.fr\/wp-content\/uploads\/2024\/09\/TP-ultrasons2024.docx\">TP-ultrasons2024<\/a><\/div>\n\n\n\n<h2 class=\"wp-block-heading\">TP Python : simulation d&#8217;une onde m\u00e9canique<\/h2>\n\n\n\n<p><a href=\"http:\/\/premierespe.flashphys.fr\/wp-content\/uploads\/2023\/09\/9ad3a529d7e50f2a570db8863afebd08.pdf\">tp python propagation onde.pdf<\/a><\/p>\n\n\n\n<p><a href=\"http:\/\/premierespe.flashphys.fr\/wp-content\/uploads\/2023\/09\/1ere_sinusoide_Animation.zip\">1ere_sinusoide_Animation.rar<\/a><\/p>\n\n\n\n<p><a href=\"http:\/\/premierespe.flashphys.fr\/wp-content\/uploads\/2023\/09\/1ere_sinusoide_T_lambda.zip\">1ere_sinusoide_T_lambda.rar<\/a><\/p>\n\n\n\n<p><a href=\"http:\/\/premierespe.flashphys.fr\/wp-content\/uploads\/2023\/09\/7d57d0fb192f912f37b21527470333b3.pdf\">correction tp python onde.pdf<\/a><\/p>\n\n\n\n<p><a href=\"http:\/\/premierespe.flashphys.fr\/wp-content\/uploads\/2023\/09\/1ere_sinusoide_T_lambda_correction.zip\">1ere_sinusoide_T_lambda_correction.rar<\/a><\/p>\n\n\n\n<h2 class=\"wp-block-heading\">R\u00e9solution de probl\u00e8me<\/h2>\n\n\n\n<p><a href=\"http:\/\/premierespe.flashphys.fr\/wp-content\/uploads\/2023\/09\/fddde3e81873757f325b1ee8afd0f510.pdf\">rdp ondes silence.pdf<\/a><\/p>\n\n\n\n<p><a href=\"http:\/\/premierespe.flashphys.fr\/wp-content\/uploads\/2023\/09\/c6829ce5463201ff92ffa5d74b36c53a.pdf\">corrig\u00e9 rdp ondes silence.pdf<\/a><\/p>\n","protected":false},"excerpt":{"rendered":"<p>Cours de seconde correction cours son.pdf Cours cours ondes mecas.pdf corrig\u00e9 cours ondes meca.pdf Fiche de m\u00e9morisation Exercices exos ondes meca.pdf exo ressort Python.pdf TP : ondes ultrasonores TP Python : simulation d&#8217;une onde m\u00e9canique tp python propagation onde.pdf 1ere_sinusoide_Animation.rar 1ere_sinusoide_T_lambda.rar correction tp python onde.pdf 1ere_sinusoide_T_lambda_correction.rar R\u00e9solution de probl\u00e8me rdp ondes silence.pdf corrig\u00e9 rdp ondes&hellip;<\/p>\n","protected":false},"author":1,"featured_media":0,"parent":0,"menu_order":0,"comment_status":"closed","ping_status":"closed","template":"","meta":{"footnotes":""},"_links":{"self":[{"href":"https:\/\/premierespe.flashphys.fr\/index.php?rest_route=\/wp\/v2\/pages\/209"}],"collection":[{"href":"https:\/\/premierespe.flashphys.fr\/index.php?rest_route=\/wp\/v2\/pages"}],"about":[{"href":"https:\/\/premierespe.flashphys.fr\/index.php?rest_route=\/wp\/v2\/types\/page"}],"author":[{"embeddable":true,"href":"https:\/\/premierespe.flashphys.fr\/index.php?rest_route=\/wp\/v2\/users\/1"}],"replies":[{"embeddable":true,"href":"https:\/\/premierespe.flashphys.fr\/index.php?rest_route=%2Fwp%2Fv2%2Fcomments&post=209"}],"version-history":[{"count":8,"href":"https:\/\/premierespe.flashphys.fr\/index.php?rest_route=\/wp\/v2\/pages\/209\/revisions"}],"predecessor-version":[{"id":522,"href":"https:\/\/premierespe.flashphys.fr\/index.php?rest_route=\/wp\/v2\/pages\/209\/revisions\/522"}],"wp:attachment":[{"href":"https:\/\/premierespe.flashphys.fr\/index.php?rest_route=%2Fwp%2Fv2%2Fmedia&parent=209"}],"curies":[{"name":"wp","href":"https:\/\/api.w.org\/{rel}","templated":true}]}}