{"id":208,"date":"2023-09-04T10:55:37","date_gmt":"2023-09-04T08:55:37","guid":{"rendered":"https:\/\/premierespe.flashphys.fr\/?page_id=208"},"modified":"2024-09-13T14:00:25","modified_gmt":"2024-09-13T12:00:25","slug":"page-631d8cdeae415-html","status":"publish","type":"page","link":"https:\/\/premierespe.flashphys.fr\/?page_id=208","title":{"rendered":"Chap 1 : Vision et image (lentilles)"},"content":{"rendered":"\n<h1 class=\"wp-block-heading\"><iframe src=\"\/\/www.youtube.com\/embed\/BsLiUMayk3I?wmode=transparent\"><\/iframe><iframe src=\"\/\/www.youtube.com\/embed\/gGWIvUpIg4E?wmode=transparent\"><\/iframe><iframe src=\"\/\/www.youtube.com\/embed\/F6jC-0ZQ1eY?wmode=transparent\"><\/iframe><iframe src=\"\/\/www.youtube.com\/embed\/dCVAjUep3M4?wmode=transparent\"><\/iframe><iframe src=\"\/\/www.youtube.com\/embed\/GS-44P1-iH4?wmode=transparent\"><\/iframe><\/h1>\n\n\n\n<h2 class=\"wp-block-heading\">Cours<\/h2>\n\n\n\n<div class=\"wp-block-file\"><a id=\"wp-block-file--media-e1d11838-a29c-4472-9032-28993265e47c\" href=\"https:\/\/premierespe.flashphys.fr\/wp-content\/uploads\/2024\/08\/cours-image2024-eleves.docx\">cours-image2024-eleves<\/a><a href=\"https:\/\/premierespe.flashphys.fr\/wp-content\/uploads\/2024\/08\/cours-image2024-eleves.docx\" class=\"wp-block-file__button wp-element-button\" download aria-describedby=\"wp-block-file--media-e1d11838-a29c-4472-9032-28993265e47c\">Download<\/a><\/div>\n\n\n\n<p><a href=\"http:\/\/premierespe.flashphys.fr\/wp-content\/uploads\/2023\/09\/8ade00913a3d4e9efdc49407d1ba0b5b.pdf\">correction cours image.pdf<\/a><\/p>\n\n\n\n<p style=\"font-size:30px\"><strong>Fiche de m\u00e9morisation<\/strong><\/p>\n\n\n\n<div class=\"wp-block-file\"><a id=\"wp-block-file--media-316af648-ffd1-4a76-b44d-735a0e8966e9\" href=\"https:\/\/premierespe.flashphys.fr\/wp-content\/uploads\/2024\/09\/fiche-memo-chap-1-lentilles.docx\">fiche-memo-chap-1-lentilles<\/a><a href=\"https:\/\/premierespe.flashphys.fr\/wp-content\/uploads\/2024\/09\/fiche-memo-chap-1-lentilles.docx\" class=\"wp-block-file__button wp-element-button\" download aria-describedby=\"wp-block-file--media-316af648-ffd1-4a76-b44d-735a0e8966e9\">Download<\/a><\/div>\n\n\n\n<div class=\"wp-block-file\"><a id=\"wp-block-file--media-5c3928a4-a969-4e58-9d78-f1ee3a8d087e\" href=\"https:\/\/premierespe.flashphys.fr\/wp-content\/uploads\/2024\/09\/fiche-memo-chap-1-lentillescorrection.docx\">fiche-memo-chap-1-lentillescorrection<\/a><a href=\"https:\/\/premierespe.flashphys.fr\/wp-content\/uploads\/2024\/09\/fiche-memo-chap-1-lentillescorrection.docx\" class=\"wp-block-file__button wp-element-button\" download aria-describedby=\"wp-block-file--media-5c3928a4-a969-4e58-9d78-f1ee3a8d087e\">Download<\/a><\/div>\n\n\n\n<h2 class=\"wp-block-heading\">Simulateur pour comprendre les exp\u00e9riences de cours et sch\u00e9ma<\/h2>\n\n\n\n<p><a href=\"https:\/\/www.pccl.fr\/physique_chimie_college_lycee\/quatrieme\/optique\/lentille_convergente.htm\">https:\/\/www.pccl.fr\/physique_chimie_college_lycee\/quatrieme\/optique\/lentille_convergente.htm<\/a><\/p>\n\n\n\n<h2 class=\"wp-block-heading\">Exercices<\/h2>\n\n\n\n<div class=\"wp-block-file\"><a id=\"wp-block-file--media-f36163c5-e035-4cc3-a47e-0c208e96a88a\" href=\"https:\/\/premierespe.flashphys.fr\/wp-content\/uploads\/2024\/09\/exo-image.docx\">exo-image<\/a><a href=\"https:\/\/premierespe.flashphys.fr\/wp-content\/uploads\/2024\/09\/exo-image.docx\" class=\"wp-block-file__button wp-element-button\" download aria-describedby=\"wp-block-file--media-f36163c5-e035-4cc3-a47e-0c208e96a88a\">Download<\/a><\/div>\n\n\n\n<div class=\"wp-block-file\"><a id=\"wp-block-file--media-912321d9-27bb-414b-be33-1e753cc7dfb4\" href=\"https:\/\/premierespe.flashphys.fr\/wp-content\/uploads\/2024\/09\/exo-image-corrige.docx\">exo-image-corrige<\/a><a href=\"https:\/\/premierespe.flashphys.fr\/wp-content\/uploads\/2024\/09\/exo-image-corrige.docx\" class=\"wp-block-file__button wp-element-button\" download aria-describedby=\"wp-block-file--media-912321d9-27bb-414b-be33-1e753cc7dfb4\">Download<\/a><\/div>\n\n\n\n<h2 class=\"wp-block-heading\">TP : formation d&#8217;image, relation de conjugaison<\/h2>\n\n\n\n<div class=\"wp-block-file\"><a id=\"wp-block-file--media-efe262c3-1f27-44d8-a887-4a21a730cb5c\" href=\"https:\/\/premierespe.flashphys.fr\/wp-content\/uploads\/2024\/09\/tp-2024-relation-de-conjugaison.docx\">tp-2024-relation-de-conjugaison<\/a><a href=\"https:\/\/premierespe.flashphys.fr\/wp-content\/uploads\/2024\/09\/tp-2024-relation-de-conjugaison.docx\" class=\"wp-block-file__button wp-element-button\" download aria-describedby=\"wp-block-file--media-efe262c3-1f27-44d8-a887-4a21a730cb5c\">Download<\/a><\/div>\n\n\n\n<div class=\"wp-block-file\"><a id=\"wp-block-file--media-6b8d92a1-3b64-4af1-bf57-9e24b205dd98\" href=\"https:\/\/premierespe.flashphys.fr\/wp-content\/uploads\/2024\/09\/tp-2024-relation-de-conjugaisoncorr.docx\">tp-2024-relation-de-conjugaisoncorr<\/a><a href=\"https:\/\/premierespe.flashphys.fr\/wp-content\/uploads\/2024\/09\/tp-2024-relation-de-conjugaisoncorr.docx\" class=\"wp-block-file__button wp-element-button\" download aria-describedby=\"wp-block-file--media-6b8d92a1-3b64-4af1-bf57-9e24b205dd98\">Download<\/a><\/div>\n\n\n\n<h2 class=\"wp-block-heading\">R\u00e9solution de probl\u00e8me<\/h2>\n\n\n\n<p><a href=\"http:\/\/premierespe.flashphys.fr\/wp-content\/uploads\/2023\/09\/2a9de550665b7ea54e7c8bbfb28dea25.pdf\">rdp tour eiffel.pdf<\/a><\/p>\n\n\n\n<p><a href=\"http:\/\/premierespe.flashphys.fr\/wp-content\/uploads\/2023\/09\/d6b1e316d8b42dc8116fba8ccb67fa75.pdf\">correction rdp tour eiffel.pdf<\/a><\/p>\n","protected":false},"excerpt":{"rendered":"<p>Cours correction cours image.pdf Fiche de m\u00e9morisation Simulateur pour comprendre les exp\u00e9riences de cours et sch\u00e9ma https:\/\/www.pccl.fr\/physique_chimie_college_lycee\/quatrieme\/optique\/lentille_convergente.htm Exercices TP : formation d&#8217;image, relation de conjugaison R\u00e9solution de probl\u00e8me rdp tour eiffel.pdf correction rdp tour eiffel.pdf<\/p>\n","protected":false},"author":1,"featured_media":0,"parent":0,"menu_order":0,"comment_status":"closed","ping_status":"closed","template":"","meta":{"footnotes":""},"_links":{"self":[{"href":"https:\/\/premierespe.flashphys.fr\/index.php?rest_route=\/wp\/v2\/pages\/208"}],"collection":[{"href":"https:\/\/premierespe.flashphys.fr\/index.php?rest_route=\/wp\/v2\/pages"}],"about":[{"href":"https:\/\/premierespe.flashphys.fr\/index.php?rest_route=\/wp\/v2\/types\/page"}],"author":[{"embeddable":true,"href":"https:\/\/premierespe.flashphys.fr\/index.php?rest_route=\/wp\/v2\/users\/1"}],"replies":[{"embeddable":true,"href":"https:\/\/premierespe.flashphys.fr\/index.php?rest_route=%2Fwp%2Fv2%2Fcomments&post=208"}],"version-history":[{"count":5,"href":"https:\/\/premierespe.flashphys.fr\/index.php?rest_route=\/wp\/v2\/pages\/208\/revisions"}],"predecessor-version":[{"id":381,"href":"https:\/\/premierespe.flashphys.fr\/index.php?rest_route=\/wp\/v2\/pages\/208\/revisions\/381"}],"wp:attachment":[{"href":"https:\/\/premierespe.flashphys.fr\/index.php?rest_route=%2Fwp%2Fv2%2Fmedia&parent=208"}],"curies":[{"name":"wp","href":"https:\/\/api.w.org\/{rel}","templated":true}]}}