{"id":207,"date":"2023-09-04T10:55:37","date_gmt":"2023-09-04T08:55:37","guid":{"rendered":"https:\/\/premierespe.flashphys.fr\/?page_id=207"},"modified":"2025-04-01T06:54:29","modified_gmt":"2025-04-01T04:54:29","slug":"page-631d8cd2003dd-html","status":"publish","type":"page","link":"https:\/\/premierespe.flashphys.fr\/?page_id=207","title":{"rendered":"Chap 17 : synth\u00e8se organique"},"content":{"rendered":"\n<h1 class=\"wp-block-heading\"><iframe src=\"\/\/www.youtube.com\/embed\/FuMTgttHpqE?wmode=transparent\"><\/iframe><\/h1>\n\n\n\n<h2 class=\"wp-block-heading\"><strong>Cours<\/strong><\/h2>\n\n\n\n<p><iframe src=\"\/\/www.youtube.com\/embed\/7wSobhpawTU?wmode=transparent\"><\/iframe><\/p>\n\n\n\n<p><a href=\"http:\/\/premierespe.flashphys.fr\/wp-content\/uploads\/2023\/09\/277380c845c4fce039ba356a21bd5472.pdf\">cours synth\u00e8se organique.pdf<\/a><\/p>\n\n\n\n<h2 class=\"wp-block-heading\">Activit\u00e9 en ligne : cliquez sur le lien suivant<\/h2>\n\n\n\n<p><a href=\"https:\/\/learningapps.org\/view9078354\">\u00e9tape de synth\u00e8se<br><\/a><\/p>\n\n\n\n<p><a href=\"https:\/\/learningapps.org\/17970164\">Montage \u00e0 reflux<\/a><\/p>\n\n\n\n<h2 class=\"wp-block-heading\">Exercices<\/h2>\n\n\n\n<p><a href=\"http:\/\/premierespe.flashphys.fr\/wp-content\/uploads\/2023\/09\/fc52e42b32bda097e0d8e23bc4cd3dc2.pdf\">exo synthese orga.pdf<\/a><\/p>\n\n\n\n<p><a href=\"http:\/\/premierespe.flashphys.fr\/wp-content\/uploads\/2023\/09\/762fcdb5914e5096151de0d6b85d2f42.pdf\">ex synth\u00e8ses bis.pdf<\/a><\/p>\n\n\n\n<p><iframe src=\"\/\/www.youtube.com\/embed\/d7SwSqAkDcY?wmode=transparent\"><\/iframe><iframe src=\"\/\/www.youtube.com\/embed\/f2WUEiHCM8o?wmode=transparent\"><\/iframe><iframe src=\"\/\/www.youtube.com\/embed\/6ELlYIkpjfU?wmode=transparent\"><\/iframe><iframe src=\"\/\/www.youtube.com\/embed\/fjYqyy3DY_w?wmode=transparent\"><\/iframe><iframe src=\"\/\/www.youtube.com\/embed\/RD95H_FZGC0?wmode=transparent\"><\/iframe><iframe src=\"\/\/www.youtube.com\/embed\/Us7bedeO3B8?wmode=transparent\"><\/iframe><\/p>\n\n\n\n<h2 class=\"wp-block-heading\">TP<\/h2>\n\n\n\n<p><a href=\"http:\/\/premierespe.flashphys.fr\/wp-content\/uploads\/2023\/09\/86cc478ec7f88a3eeca8dbcb8b95a529.pdf\">TP SYNTHESE dibenzalac\u00e9tone.pdf<\/a><\/p>\n","protected":false},"excerpt":{"rendered":"<p>Cours cours synth\u00e8se organique.pdf Activit\u00e9 en ligne : cliquez sur le lien suivant \u00e9tape de synth\u00e8se Montage \u00e0 reflux Exercices exo synthese orga.pdf ex synth\u00e8ses bis.pdf TP TP SYNTHESE dibenzalac\u00e9tone.pdf<\/p>\n","protected":false},"author":1,"featured_media":0,"parent":0,"menu_order":0,"comment_status":"closed","ping_status":"closed","template":"","meta":{"footnotes":""},"_links":{"self":[{"href":"https:\/\/premierespe.flashphys.fr\/index.php?rest_route=\/wp\/v2\/pages\/207"}],"collection":[{"href":"https:\/\/premierespe.flashphys.fr\/index.php?rest_route=\/wp\/v2\/pages"}],"about":[{"href":"https:\/\/premierespe.flashphys.fr\/index.php?rest_route=\/wp\/v2\/types\/page"}],"author":[{"embeddable":true,"href":"https:\/\/premierespe.flashphys.fr\/index.php?rest_route=\/wp\/v2\/users\/1"}],"replies":[{"embeddable":true,"href":"https:\/\/premierespe.flashphys.fr\/index.php?rest_route=%2Fwp%2Fv2%2Fcomments&post=207"}],"version-history":[{"count":5,"href":"https:\/\/premierespe.flashphys.fr\/index.php?rest_route=\/wp\/v2\/pages\/207\/revisions"}],"predecessor-version":[{"id":501,"href":"https:\/\/premierespe.flashphys.fr\/index.php?rest_route=\/wp\/v2\/pages\/207\/revisions\/501"}],"wp:attachment":[{"href":"https:\/\/premierespe.flashphys.fr\/index.php?rest_route=%2Fwp%2Fv2%2Fmedia&parent=207"}],"curies":[{"name":"wp","href":"https:\/\/api.w.org\/{rel}","templated":true}]}}