{"id":204,"date":"2023-09-04T10:55:35","date_gmt":"2023-09-04T08:55:35","guid":{"rendered":"https:\/\/premierespe.flashphys.fr\/?page_id=204"},"modified":"2025-02-03T09:23:20","modified_gmt":"2025-02-03T08:23:20","slug":"page-631d8ccb1de4c-html","status":"publish","type":"page","link":"https:\/\/premierespe.flashphys.fr\/?page_id=204","title":{"rendered":"Chap 12: travail d&#8217;une force constante et TEC"},"content":{"rendered":"\n<h1 class=\"wp-block-heading\"><iframe src=\"\/\/www.youtube.com\/embed\/9EaVFLeqMcE?wmode=transparent\"><\/iframe><iframe src=\"\/\/www.youtube.com\/embed\/OEutMzVj3ns?wmode=transparent\"><\/iframe><iframe src=\"\/\/www.youtube.com\/embed\/0DMUksvij1E?wmode=transparent\"><\/iframe><\/h1>\n\n\n\n<h2 class=\"wp-block-heading\">Cours<\/h2>\n\n\n\n<div class=\"wp-block-file\"><a id=\"wp-block-file--media-25b7a23c-ed59-4917-b060-c998d27cb3b8\" href=\"https:\/\/premierespe.flashphys.fr\/wp-content\/uploads\/2025\/02\/travail-d-une-force-et-TEC.docx\">travail-d-une-force-et-TEC<\/a><\/div>\n\n\n\n<div class=\"wp-block-file\"><a id=\"wp-block-file--media-868bb30d-0af0-4fda-837b-2f75ab6a9e94\" href=\"https:\/\/premierespe.flashphys.fr\/wp-content\/uploads\/2025\/02\/travail-d-une-force-et-TEC-corrige.docx\">travail-d-une-force-et-TEC-corrige<\/a><\/div>\n\n\n\n<p style=\"font-size:27px\"><strong>Fiche de m\u00e9morisation<\/strong><\/p>\n\n\n\n<div class=\"wp-block-file\"><a id=\"wp-block-file--media-9a3ca3e6-ae86-40bb-867d-678d13d1a358\" href=\"https:\/\/premierespe.flashphys.fr\/wp-content\/uploads\/2025\/02\/Fiche-de-memorisation-travail-et-TEC.docx\">Fiche-de-memorisation-travail-et-TEC<\/a><\/div>\n\n\n\n<h2 class=\"wp-block-heading\">Exercices<\/h2>\n\n\n\n<p><a href=\"http:\/\/premierespe.flashphys.fr\/wp-content\/uploads\/2023\/09\/adfbceabe3e0e7a53cd643fce3584ded.pdf\">Exercices sur le travail des forces.pdf<\/a><\/p>\n\n\n\n<p><a href=\"http:\/\/premierespe.flashphys.fr\/wp-content\/uploads\/2023\/09\/52cfe93345c942f1a073d345e6d6c87a.docx\">correction exo travail1.docx<\/a><\/p>\n\n\n\n\n\n<h2 class=\"wp-block-heading\">TP : v\u00e9rification du th\u00e9or\u00e8me de l&#8217;\u00e9nergie cin\u00e9tique<\/h2>\n\n\n\n<p>(il faut le logiciel , REGRESSI et d\u00e9compresser la vid\u00e9o avant de l&#8217;utiliser avec Winrar par exemple)<\/p>\n\n\n\n<div class=\"wp-block-file\"><a id=\"wp-block-file--media-fcf67f4f-4017-44a1-8436-263157486de6\" href=\"https:\/\/premierespe.flashphys.fr\/wp-content\/uploads\/2025\/02\/tp-energie-cinetique-et-travail-2025.docx\">tp-energie-cinetique-et-travail-2025<\/a><a href=\"https:\/\/premierespe.flashphys.fr\/wp-content\/uploads\/2025\/02\/tp-energie-cinetique-et-travail-2025.docx\" class=\"wp-block-file__button wp-element-button\" download aria-describedby=\"wp-block-file--media-fcf67f4f-4017-44a1-8436-263157486de6\">T\u00e9l\u00e9charger<\/a><\/div>\n\n\n\n<div class=\"wp-block-file\"><a id=\"wp-block-file--media-9f709a1f-8e96-4c7a-81ef-13b7cc01b9fa\" href=\"https:\/\/premierespe.flashphys.fr\/wp-content\/uploads\/2025\/02\/tp-energie-cinetique-et-travail-2025corrige-.docx\">tp-energie-cinetique-et-travail-2025corrige-<\/a><a href=\"https:\/\/premierespe.flashphys.fr\/wp-content\/uploads\/2025\/02\/tp-energie-cinetique-et-travail-2025corrige-.docx\" class=\"wp-block-file__button wp-element-button\" download aria-describedby=\"wp-block-file--media-9f709a1f-8e96-4c7a-81ef-13b7cc01b9fa\">T\u00e9l\u00e9charger<\/a><\/div>\n\n\n\n<p><a href=\"http:\/\/premierespe.flashphys.fr\/wp-content\/uploads\/2023\/09\/fcste0.3N-215g.avi\">fcste0.3N-215g.rar<\/a><\/p>\n\n\n\n<p><iframe src=\"\/\/www.youtube.com\/embed\/pJ2RwuIrHqs?wmode=transparent\"><\/iframe><\/p>\n\n\n\n<h2 class=\"wp-block-heading\">R\u00e9solution de probl\u00e8me : th\u00e9or\u00e8me de l&#8217;\u00e9nergie cin\u00e9tique<\/h2>\n\n\n\n<p><a href=\"http:\/\/premierespe.flashphys.fr\/wp-content\/uploads\/2023\/09\/bd71a16aa81edc0d9b786ec33c5cc95f.pdf\">rdp th nrj cine.pdf<\/a><\/p>\n","protected":false},"excerpt":{"rendered":"<p>Cours Fiche de m\u00e9morisation Exercices Exercices sur le travail des forces.pdf correction exo travail1.docx TP : v\u00e9rification du th\u00e9or\u00e8me de l&#8217;\u00e9nergie cin\u00e9tique (il faut le logiciel , REGRESSI et d\u00e9compresser la vid\u00e9o avant de l&#8217;utiliser avec Winrar par exemple) fcste0.3N-215g.rar R\u00e9solution de probl\u00e8me : th\u00e9or\u00e8me de l&#8217;\u00e9nergie cin\u00e9tique rdp th nrj cine.pdf<\/p>\n","protected":false},"author":1,"featured_media":0,"parent":0,"menu_order":0,"comment_status":"closed","ping_status":"closed","template":"","meta":{"footnotes":""},"_links":{"self":[{"href":"https:\/\/premierespe.flashphys.fr\/index.php?rest_route=\/wp\/v2\/pages\/204"}],"collection":[{"href":"https:\/\/premierespe.flashphys.fr\/index.php?rest_route=\/wp\/v2\/pages"}],"about":[{"href":"https:\/\/premierespe.flashphys.fr\/index.php?rest_route=\/wp\/v2\/types\/page"}],"author":[{"embeddable":true,"href":"https:\/\/premierespe.flashphys.fr\/index.php?rest_route=\/wp\/v2\/users\/1"}],"replies":[{"embeddable":true,"href":"https:\/\/premierespe.flashphys.fr\/index.php?rest_route=%2Fwp%2Fv2%2Fcomments&post=204"}],"version-history":[{"count":7,"href":"https:\/\/premierespe.flashphys.fr\/index.php?rest_route=\/wp\/v2\/pages\/204\/revisions"}],"predecessor-version":[{"id":491,"href":"https:\/\/premierespe.flashphys.fr\/index.php?rest_route=\/wp\/v2\/pages\/204\/revisions\/491"}],"wp:attachment":[{"href":"https:\/\/premierespe.flashphys.fr\/index.php?rest_route=%2Fwp%2Fv2%2Fmedia&parent=204"}],"curies":[{"name":"wp","href":"https:\/\/api.w.org\/{rel}","templated":true}]}}