{"id":201,"date":"2023-09-04T10:55:32","date_gmt":"2023-09-04T08:55:32","guid":{"rendered":"https:\/\/premierespe.flashphys.fr\/?page_id=201"},"modified":"2024-12-18T14:14:15","modified_gmt":"2024-12-18T13:14:15","slug":"page-631d8cb81f6d8-html","status":"publish","type":"page","link":"https:\/\/premierespe.flashphys.fr\/?page_id=201","title":{"rendered":"Chap 9 : \u00e9volution d&#8217;un syst\u00e8me chimique"},"content":{"rendered":"\n<h3 class=\"wp-block-heading\">Feuille de toute<\/h3>\n\n\n\n<p><a href=\"http:\/\/premierespe.flashphys.fr\/wp-content\/uploads\/2023\/09\/e9cb3555dc19cc93f52ffee6f69a314c.docx\">feuille de route avancement.docx<\/a><\/p>\n\n\n\n<h2 class=\"wp-block-heading\">Comment ajuster une \u00e9quation de r\u00e9action ?<\/h2>\n\n\n\n<p><iframe src=\"\/\/www.youtube.com\/embed\/HKV0qCIoX_o?wmode=transparent\"><\/iframe><\/p>\n\n\n\n<h2 class=\"wp-block-heading\">Les tableaux d&#8217;avancement<\/h2>\n\n\n\n<p><iframe src=\"\/\/www.youtube.com\/embed\/WxeHfi-TC7Y?wmode=transparent\"><\/iframe><iframe src=\"\/\/www.youtube.com\/embed\/4S6--oRrMw0?wmode=transparent\"><\/iframe><iframe src=\"\/\/www.youtube.com\/embed\/7GkKx_H7gPU?wmode=transparent\"><\/iframe><\/p>\n\n\n\n<h2 class=\"wp-block-heading\"><strong>COURS et TP illustratif&nbsp;<\/strong><\/h2>\n\n\n\n<p>Faire les activit\u00e9s en ligne ici : <a href=\"https:\/\/learningapps.org\/view5563299\">TP cours avancement<\/a><\/p>\n\n\n\n<p><a href=\"http:\/\/premierespe.flashphys.fr\/wp-content\/uploads\/2023\/09\/b0f89eab563b1e229ff81508144b2351.docx\">chap 4 evolution d&#8217;un systeme.docx<\/a><\/p>\n\n\n\n<p><a href=\"http:\/\/premierespe.flashphys.fr\/wp-content\/uploads\/2023\/09\/80d44df8e96ed315e9e318a31e095ce5.docx\">chap 4 evolution d&#8217;un systeme correction.docx<\/a><\/p>\n\n\n\n<p><a href=\"http:\/\/premierespe.flashphys.fr\/wp-content\/uploads\/2023\/09\/acd6211a3351b9cdad65a49b0f752c67.pdf\">correction exo du cours avancement.pdf<\/a><\/p>\n\n\n\n<h2 class=\"wp-block-heading\">TP : mod\u00e9lisation de l&#8217;avancement avec PYTHON<\/h2>\n\n\n\n<p><a href=\"http:\/\/premierespe.flashphys.fr\/wp-content\/uploads\/2023\/09\/b9e944962b37b12f9c3ef6efe3c63e5a.docx\">TP avancement python marc.docx<\/a><\/p>\n\n\n\n<p><a href=\"http:\/\/premierespe.flashphys.fr\/wp-content\/uploads\/2023\/09\/cd318f2402cf887043a76cb079598553.pdf\">corrig\u00e9 tp avancement python.pdf<\/a><\/p>\n\n\n\n<p><a href=\"http:\/\/premierespe.flashphys.fr\/wp-content\/uploads\/2023\/09\/a9f4b0819d81d65d51fa3c6bc8c3b017.pdf\">tp python annexe.pdf<\/a><\/p>\n\n\n\n<h2 class=\"wp-block-heading\">Programme python : faire un copier coller<\/h2>\n\n\n\n<p><a href=\"http:\/\/premierespe.flashphys.fr\/wp-content\/uploads\/2023\/09\/c1a511263f0bf1d5e31730a67eab05b9.docx\">Programme avancement python.docx<\/a><\/p>\n\n\n\n<h2 class=\"wp-block-heading\">EXERCICES A FAIRE PENDANT LES VACANCES<\/h2>\n\n\n\n<p><a href=\"http:\/\/premierespe.flashphys.fr\/wp-content\/uploads\/2023\/09\/42178eb7ae562a05d7cb7c553e3eb6f5.pdf\">exercices redox avancement.pdf<\/a><\/p>\n\n\n\n<p><a href=\"http:\/\/premierespe.flashphys.fr\/wp-content\/uploads\/2023\/09\/a0470f136800d4e04fbc959391d85644.pdf\">correctiond es exos redox avancement.pdf<\/a><\/p>\n\n\n\n<p><a href=\"http:\/\/premierespe.flashphys.fr\/wp-content\/uploads\/2023\/09\/6162a4dadfe0f50833fbfd02e5e5301a.docx\">exo avancement bis.docx<\/a><\/p>\n\n\n\n<p><a href=\"http:\/\/premierespe.flashphys.fr\/wp-content\/uploads\/2023\/09\/5db4657d7f136f0907fbe710e0e5257d.docx\">correction exo avancement bis.docx<\/a><\/p>\n\n\n\n<h2 class=\"wp-block-heading\">R\u00c9SOLUTION DE PROBLEME<\/h2>\n\n\n\n<p><a href=\"http:\/\/premierespe.flashphys.fr\/wp-content\/uploads\/2023\/09\/28ccc38400b43104ca98740a0f6a5a6f.pdf\">RdP Parac\u00e9tamol 1S.pdf<\/a><\/p>\n\n\n\n<p><a href=\"http:\/\/premierespe.flashphys.fr\/wp-content\/uploads\/2023\/09\/566483e9aaa55b76484701660a131560.pdf\">correction RdP Parac\u00e9tamol 1S.pdf<\/a><\/p>\n\n\n\n<h2 class=\"wp-block-heading\">Pour r\u00e9viser : carte mentale<\/h2>\n\n\n\n<p>(avec chapitre 3 et 4 inclus)<\/p>\n\n\n\n<p><a href=\"http:\/\/premierespe.flashphys.fr\/wp-content\/uploads\/2023\/09\/268a206e59b5668a052b1147e0e7fd71.pdf\">carte mentale avancement redox.pdf<\/a><\/p>\n","protected":false},"excerpt":{"rendered":"<p>Feuille de toute feuille de route avancement.docx Comment ajuster une \u00e9quation de r\u00e9action ? Les tableaux d&#8217;avancement COURS et TP illustratif&nbsp; Faire les activit\u00e9s en ligne ici : TP cours avancement chap 4 evolution d&#8217;un systeme.docx chap 4 evolution d&#8217;un systeme correction.docx correction exo du cours avancement.pdf TP : mod\u00e9lisation de l&#8217;avancement avec PYTHON TP&hellip;<\/p>\n","protected":false},"author":1,"featured_media":0,"parent":0,"menu_order":0,"comment_status":"closed","ping_status":"closed","template":"","meta":{"footnotes":""},"_links":{"self":[{"href":"https:\/\/premierespe.flashphys.fr\/index.php?rest_route=\/wp\/v2\/pages\/201"}],"collection":[{"href":"https:\/\/premierespe.flashphys.fr\/index.php?rest_route=\/wp\/v2\/pages"}],"about":[{"href":"https:\/\/premierespe.flashphys.fr\/index.php?rest_route=\/wp\/v2\/types\/page"}],"author":[{"embeddable":true,"href":"https:\/\/premierespe.flashphys.fr\/index.php?rest_route=\/wp\/v2\/users\/1"}],"replies":[{"embeddable":true,"href":"https:\/\/premierespe.flashphys.fr\/index.php?rest_route=%2Fwp%2Fv2%2Fcomments&post=201"}],"version-history":[{"count":3,"href":"https:\/\/premierespe.flashphys.fr\/index.php?rest_route=\/wp\/v2\/pages\/201\/revisions"}],"predecessor-version":[{"id":472,"href":"https:\/\/premierespe.flashphys.fr\/index.php?rest_route=\/wp\/v2\/pages\/201\/revisions\/472"}],"wp:attachment":[{"href":"https:\/\/premierespe.flashphys.fr\/index.php?rest_route=%2Fwp%2Fv2%2Fmedia&parent=201"}],"curies":[{"name":"wp","href":"https:\/\/api.w.org\/{rel}","templated":true}]}}