{"id":200,"date":"2023-09-04T10:55:32","date_gmt":"2023-09-04T08:55:32","guid":{"rendered":"https:\/\/premierespe.flashphys.fr\/?page_id=200"},"modified":"2025-04-01T06:53:43","modified_gmt":"2025-04-01T04:53:43","slug":"page-631d8cbf9a508-html","status":"publish","type":"page","link":"https:\/\/premierespe.flashphys.fr\/?page_id=200","title":{"rendered":"Chap 19 : statique des fluides"},"content":{"rendered":"\n<h3 class=\"wp-block-heading\">COURS<\/h3>\n\n\n\n<p><a href=\"http:\/\/premierespe.flashphys.fr\/wp-content\/uploads\/2023\/09\/8b560667e682c8507d9098194a14f253.docx\">cours statique des fluides \u00e9l\u00e8ve.docx<\/a><\/p>\n\n\n\n<p><a href=\"http:\/\/premierespe.flashphys.fr\/wp-content\/uploads\/2023\/09\/28b207b8b6c7f68e97b2e40f43462dd4.docx\">cours statique des fluides correction.docx<\/a><\/p>\n\n\n\n<p><iframe src=\"\/\/www.youtube.com\/embed\/OR01GyVa910?wmode=transparent\"><\/iframe><iframe src=\"\/\/www.youtube.com\/embed\/uvXL1clOgYc?wmode=transparent\"><\/iframe><\/p>\n\n\n\n<h2 class=\"wp-block-heading\">TP : loi de Boyle-Mariotte (avec Arduino)<\/h2>\n\n\n\n<p><iframe src=\"\/\/www.youtube.com\/embed\/_GeAqHdczgg?wmode=transparent\"><\/iframe><iframe src=\"\/\/www.youtube.com\/embed\/phjwsdfJEzc?wmode=transparent\"><\/iframe><\/p>\n\n\n\n<p><a href=\"http:\/\/premierespe.flashphys.fr\/wp-content\/uploads\/2023\/09\/659ff1352f43a8ce8861903fafa940d3.docx\">Tp Mariotte avec arduino \u00e9l\u00e8ves.docx<\/a><\/p>\n\n\n\n<p><a href=\"http:\/\/premierespe.flashphys.fr\/wp-content\/uploads\/2023\/09\/ade7af39666782d547f1092cba562a34.docx\">TP boyle Mariotte avec panneau.docx<\/a><\/p>\n\n\n\n<p><a href=\"http:\/\/premierespe.flashphys.fr\/wp-content\/uploads\/2023\/09\/4287eedf94cb0e2e5cd2bb205ffabe1e.docx\">correction TP mariotte panneau.docx<\/a><\/p>\n\n\n\n<p><iframe src=\"\/\/www.youtube.com\/embed\/FHtvDA0W34I?wmode=transparent\"><\/iframe><\/p>\n\n\n\n<h2 class=\"wp-block-heading\">TP : loi fondamentale de l&#8217;hydrostatique en PYTHON<\/h2>\n\n\n\n<p><a href=\"http:\/\/premierespe.flashphys.fr\/wp-content\/uploads\/2023\/09\/79ff281b6d856bbcc8db6157bfa62ce3.docx\">TP loi de l&#8217;hydrostatique2021.docx<\/a><\/p>\n\n\n\n<h2 class=\"wp-block-heading\"><strong>Exercices<\/strong><\/h2>\n\n\n\n<p><a href=\"http:\/\/premierespe.flashphys.fr\/wp-content\/uploads\/2023\/09\/6d93176798f32391cd65ed7ee0bd5ff7.docx\">exercice ascension seve dans arbre.docx<\/a><\/p>\n\n\n\n<p><a href=\"http:\/\/premierespe.flashphys.fr\/wp-content\/uploads\/2023\/09\/52db01c910b24379b5a13a5f884f63e7.pdf\">exo statique fluide.pdf<\/a><\/p>\n\n\n\n<p><a href=\"http:\/\/premierespe.flashphys.fr\/wp-content\/uploads\/2023\/09\/cc2cae1e9b73338367b3476701bc2108.docx\">correction exo statique.docx<\/a><\/p>\n\n\n\n<h2 class=\"wp-block-heading\">Correction des exercices<\/h2>\n\n\n\n<h2 class=\"wp-block-heading\">R\u00e9solution de probl\u00e8me<\/h2>\n\n\n\n<p><a href=\"http:\/\/premierespe.flashphys.fr\/wp-content\/uploads\/2023\/09\/54516266f4581301fca6db60c8e1e4b3.docx\">RDP tension art\u00e9rielle.docx<\/a><\/p>\n\n\n\n<p><a href=\"http:\/\/premierespe.flashphys.fr\/wp-content\/uploads\/2023\/09\/3b4aad4c1d9a56d0be5f0227103a273f.pdf\">RDP autonomie d un plongeur.pdf<\/a><\/p>\n\n\n\n<p><a href=\"http:\/\/premierespe.flashphys.fr\/wp-content\/uploads\/2023\/09\/fd049c56cf84480970cb69fe2055104a.pdf\">correction probl\u00e8me autonomie plongeur.pdf<\/a><\/p>\n\n\n\n<h2 class=\"wp-block-heading\">Histoire des sciences : La d\u00e9couverte de la pression atmosph\u00e9rique<\/h2>\n\n\n\n<p><a href=\"http:\/\/premierespe.flashphys.fr\/wp-content\/uploads\/2023\/09\/bf7e3e7d2eaedf6bde2f03ae2834193f.pdf\">histoire sciences bd pression.pdf<\/a><\/p>\n\n\n\n<p><iframe src=\"\/\/www.youtube.com\/embed\/BmtPwHo2cAo?wmode=transparent\"><\/iframe><\/p>\n\n\n\n<h2 class=\"wp-block-heading\">Exp\u00e9riences sur la pression&nbsp;<\/h2>\n\n\n\n<p><iframe src=\"\/\/www.youtube.com\/embed\/5gan4x18stA?wmode=transparent\"><\/iframe><iframe src=\"\/\/www.youtube.com\/embed\/7S8EMUlQBOU?wmode=transparent\"><\/iframe><iframe src=\"\/\/www.youtube.com\/embed\/AeTTf5MCinM?wmode=transparent\"><\/iframe><iframe src=\"\/\/www.youtube.com\/embed\/ET3irdmHsmc?wmode=transparent\"><\/iframe><iframe src=\"\/\/www.youtube.com\/embed\/x29j0Ww_nw8?wmode=transparent\"><\/iframe><\/p>\n","protected":false},"excerpt":{"rendered":"<p>COURS cours statique des fluides \u00e9l\u00e8ve.docx cours statique des fluides correction.docx TP : loi de Boyle-Mariotte (avec Arduino) Tp Mariotte avec arduino \u00e9l\u00e8ves.docx TP boyle Mariotte avec panneau.docx correction TP mariotte panneau.docx TP : loi fondamentale de l&#8217;hydrostatique en PYTHON TP loi de l&#8217;hydrostatique2021.docx Exercices exercice ascension seve dans arbre.docx exo statique fluide.pdf correction exo&hellip;<\/p>\n","protected":false},"author":1,"featured_media":0,"parent":0,"menu_order":0,"comment_status":"closed","ping_status":"closed","template":"","meta":{"footnotes":""},"_links":{"self":[{"href":"https:\/\/premierespe.flashphys.fr\/index.php?rest_route=\/wp\/v2\/pages\/200"}],"collection":[{"href":"https:\/\/premierespe.flashphys.fr\/index.php?rest_route=\/wp\/v2\/pages"}],"about":[{"href":"https:\/\/premierespe.flashphys.fr\/index.php?rest_route=\/wp\/v2\/types\/page"}],"author":[{"embeddable":true,"href":"https:\/\/premierespe.flashphys.fr\/index.php?rest_route=\/wp\/v2\/users\/1"}],"replies":[{"embeddable":true,"href":"https:\/\/premierespe.flashphys.fr\/index.php?rest_route=%2Fwp%2Fv2%2Fcomments&post=200"}],"version-history":[{"count":4,"href":"https:\/\/premierespe.flashphys.fr\/index.php?rest_route=\/wp\/v2\/pages\/200\/revisions"}],"predecessor-version":[{"id":499,"href":"https:\/\/premierespe.flashphys.fr\/index.php?rest_route=\/wp\/v2\/pages\/200\/revisions\/499"}],"wp:attachment":[{"href":"https:\/\/premierespe.flashphys.fr\/index.php?rest_route=%2Fwp%2Fv2%2Fmedia&parent=200"}],"curies":[{"name":"wp","href":"https:\/\/api.w.org\/{rel}","templated":true}]}}