{"id":2,"date":"2023-09-04T10:30:53","date_gmt":"2023-09-04T08:30:53","guid":{"rendered":"http:\/\/premierespe.flashphys.fr\/?page_id=2"},"modified":"2024-09-29T21:12:47","modified_gmt":"2024-09-29T19:12:47","slug":"page-d-exemple","status":"publish","type":"page","link":"https:\/\/premierespe.flashphys.fr\/?page_id=2","title":{"rendered":"Chap 3 : mod\u00e8le de la lumi\u00e8re (photon)"},"content":{"rendered":"\n<figure class=\"wp-block-embed is-type-video is-provider-youtube wp-block-embed-youtube wp-embed-aspect-16-9 wp-has-aspect-ratio\"><div class=\"wp-block-embed__wrapper\">\n<iframe loading=\"lazy\" title=\"Mod\u00e8les ondulatoire et particulaire de la lumi\u00e8re - cours de premi\u00e8re sp\u00e9 de physique chimie\" width=\"1140\" height=\"641\" src=\"https:\/\/www.youtube.com\/embed\/hhYBb3uPmOg?feature=oembed\" frameborder=\"0\" allow=\"accelerometer; autoplay; clipboard-write; encrypted-media; gyroscope; picture-in-picture; web-share\" referrerpolicy=\"strict-origin-when-cross-origin\" allowfullscreen><\/iframe>\n<\/div><\/figure>\n\n\n\n<p style=\"font-size:26px\"><strong>Cours :<\/strong><\/p>\n\n\n\n<div class=\"wp-block-file\"><a id=\"wp-block-file--media-149b44c8-e242-4ee2-8ef8-d921018d14fe\" href=\"https:\/\/premierespe.flashphys.fr\/wp-content\/uploads\/2024\/09\/cours-modeles-lumiere-new.docx\">cours-modeles-lumiere-new<\/a><\/div>\n\n\n\n<div class=\"wp-block-file\"><a id=\"wp-block-file--media-51e7bfac-b572-4041-bcd6-e87fb22fa767\" href=\"https:\/\/premierespe.flashphys.fr\/wp-content\/uploads\/2024\/09\/cours-modeles-lumiere-newcorr.docx\">cours-modeles-lumiere-newcorr<\/a><\/div>\n\n\n\n<p style=\"font-size:24px\"><strong>Fiche de m\u00e9morisation<\/strong><\/p>\n\n\n\n<div class=\"wp-block-file\"><a id=\"wp-block-file--media-c3bb4385-73e5-4086-8a5a-26ca397cf129\" href=\"https:\/\/premierespe.flashphys.fr\/wp-content\/uploads\/2024\/09\/fiche-memo-lumiereeleves.docx\">fiche-memo-lumiereeleves<\/a><\/div>\n\n\n\n<div class=\"wp-block-file\"><a id=\"wp-block-file--media-996a631b-a09a-4710-80a8-a39396b2c00c\" href=\"https:\/\/premierespe.flashphys.fr\/wp-content\/uploads\/2024\/09\/fiche-memo-lumiere-1.docx\">fiche-memo-lumiere-1<\/a><\/div>\n\n\n\n<p style=\"font-size:32px\"><strong>Exercices<\/strong><\/p>\n\n\n\n<div class=\"wp-block-file\"><a id=\"wp-block-file--media-fa8ba76c-b012-445d-a4ee-f4d24f72d34b\" href=\"https:\/\/premierespe.flashphys.fr\/wp-content\/uploads\/2024\/09\/exo-modeles-lumiere.docx\">exo-modeles-lumiere<\/a><\/div>\n\n\n\n<div class=\"wp-block-file\"><\/div>\n\n\n\n<div class=\"wp-block-file\"><a id=\"wp-block-file--media-94d32119-6232-4bd5-ab21-1b477f860784\" href=\"https:\/\/premierespe.flashphys.fr\/wp-content\/uploads\/2024\/09\/exo-modeles-lumiere-correction.docx\">exo-modeles-lumiere-correction<\/a><\/div>\n\n\n\n<p style=\"font-size:31px\"><strong>TP : feux d&#8217;artifices<\/strong><\/p>\n\n\n\n<div class=\"wp-block-file\"><a id=\"wp-block-file--media-7cbfc2d5-415d-4742-bec2-62480d822734\" href=\"https:\/\/premierespe.flashphys.fr\/wp-content\/uploads\/2024\/09\/TP2024-feux-dartifice.docx\">TP2024-feux-dartifice<\/a><\/div>\n\n\n\n<div class=\"wp-block-file\"><a id=\"wp-block-file--media-39bbc853-9f5f-4808-a953-e70cde85c0e5\" href=\"https:\/\/premierespe.flashphys.fr\/wp-content\/uploads\/2024\/09\/tp-feux-d-artifice-correction.docx\">tp-feux-d-artifice-correction<\/a><\/div>\n","protected":false},"excerpt":{"rendered":"<p>Cours : Fiche de m\u00e9morisation Exercices TP : feux d&#8217;artifices<\/p>\n","protected":false},"author":1,"featured_media":0,"parent":0,"menu_order":0,"comment_status":"closed","ping_status":"open","template":"","meta":{"footnotes":""},"_links":{"self":[{"href":"https:\/\/premierespe.flashphys.fr\/index.php?rest_route=\/wp\/v2\/pages\/2"}],"collection":[{"href":"https:\/\/premierespe.flashphys.fr\/index.php?rest_route=\/wp\/v2\/pages"}],"about":[{"href":"https:\/\/premierespe.flashphys.fr\/index.php?rest_route=\/wp\/v2\/types\/page"}],"author":[{"embeddable":true,"href":"https:\/\/premierespe.flashphys.fr\/index.php?rest_route=\/wp\/v2\/users\/1"}],"replies":[{"embeddable":true,"href":"https:\/\/premierespe.flashphys.fr\/index.php?rest_route=%2Fwp%2Fv2%2Fcomments&post=2"}],"version-history":[{"count":5,"href":"https:\/\/premierespe.flashphys.fr\/index.php?rest_route=\/wp\/v2\/pages\/2\/revisions"}],"predecessor-version":[{"id":421,"href":"https:\/\/premierespe.flashphys.fr\/index.php?rest_route=\/wp\/v2\/pages\/2\/revisions\/421"}],"wp:attachment":[{"href":"https:\/\/premierespe.flashphys.fr\/index.php?rest_route=%2Fwp%2Fv2%2Fmedia&parent=2"}],"curies":[{"name":"wp","href":"https:\/\/api.w.org\/{rel}","templated":true}]}}