{"id":199,"date":"2023-09-04T10:55:32","date_gmt":"2023-09-04T08:55:32","guid":{"rendered":"https:\/\/premierespe.flashphys.fr\/?page_id=199"},"modified":"2025-04-01T06:55:42","modified_gmt":"2025-04-01T04:55:42","slug":"page-631d8cbd46acc-html","status":"publish","type":"page","link":"https:\/\/premierespe.flashphys.fr\/?page_id=199","title":{"rendered":"Chap 20 : interactions et champs"},"content":{"rendered":"\n<h3 class=\"wp-block-heading\">Cours \u00e0 compl\u00e9ter sur le livret p 46 \u00e0 56<\/h3>\n\n\n\n<p><iframe src=\"\/\/www.youtube.com\/embed\/qzwNbAiTweI?wmode=transparent\"><\/iframe><\/p>\n\n\n\n<h2 class=\"wp-block-heading\">R\u00e9sum\u00e9s et compl\u00e9ments<\/h2>\n\n\n\n<p><iframe src=\"\/\/www.youtube.com\/embed\/fDh7FH80EBw?wmode=transparent\"><\/iframe><iframe src=\"\/\/www.youtube.com\/embed\/CBFBDK7tHvU?wmode=transparent\"><\/iframe><iframe src=\"\/\/www.youtube.com\/embed\/tfp0DbEgCeU?wmode=transparent\"><\/iframe><\/p>\n\n\n\n<h2 class=\"wp-block-heading\"><strong>COURS :<\/strong><\/h2>\n\n\n\n<p><a href=\"http:\/\/premierespe.flashphys.fr\/wp-content\/uploads\/2023\/09\/5066a29d6399405c3d2eeb33de4a4a8c.docx\">cours interactions champ.docx<\/a><\/p>\n\n\n\n<h2 class=\"wp-block-heading\">TP : interaction \u00e9lectrostatique<\/h2>\n\n\n\n<p><a href=\"http:\/\/premierespe.flashphys.fr\/wp-content\/uploads\/2023\/09\/1c99e8155f14dd0b6e45c81e28d6b41a.odt\">TP \u00e9lectrostatique.odt<\/a><\/p>\n\n\n\n<p><a href=\"http:\/\/premierespe.flashphys.fr\/wp-content\/uploads\/2023\/09\/a98113a10264bc69200211309262a50b.doc\">TP electrostatique corrig\u00e9.doc<\/a><\/p>\n\n\n\n<p><a href=\"http:\/\/premierespe.flashphys.fr\/wp-content\/uploads\/2023\/09\/587e838992e3aa20fa95a2b5799ba9a9.docx\">TP Champs gravitationnel et \u00e9lectrostatique.docx<\/a><\/p>\n\n\n\n<p><a href=\"http:\/\/premierespe.flashphys.fr\/wp-content\/uploads\/2023\/09\/ffe0a11d920377a502a106e8721c2fcd.docx\">TP Champs correction.docx<\/a><\/p>\n\n\n\n<h2 class=\"wp-block-heading\"><strong>TP : Mesure du champ gravitationnel \u00e0 Romilly<\/strong><\/h2>\n\n\n\n<p><a href=\"http:\/\/premierespe.flashphys.fr\/wp-content\/uploads\/2023\/09\/703c5ce69ea5497d66550d13569ed126.doc\">TP champ de pesanteur de Romilly.doc<\/a><\/p>\n\n\n\n<h2 class=\"wp-block-heading\">Exercices type<\/h2>\n\n\n\n<p><a href=\"http:\/\/premierespe.flashphys.fr\/wp-content\/uploads\/2023\/09\/6ddf28593edd64e891a69985c429a673.pdf\">exo electrostatique 1.pdf<\/a><\/p>\n\n\n\n<p><a href=\"http:\/\/premierespe.flashphys.fr\/wp-content\/uploads\/2023\/09\/1a51b100072cc1af4630d11bd68b46da.pdf\">correction exo type ds elecrostatique.pdf<\/a><\/p>\n\n\n\n<p><a href=\"http:\/\/premierespe.flashphys.fr\/wp-content\/uploads\/2023\/09\/dc5665c4e774afe697cec1c6a45c5bfd.pdf\">exo champ et forces.pdf<\/a><\/p>\n\n\n\n<p><a href=\"http:\/\/premierespe.flashphys.fr\/wp-content\/uploads\/2023\/09\/110b6a8ca7d67fe419c686a3a0081570.docx\">correction exo champ 1ere.docx<\/a><\/p>\n\n\n\n<h2 class=\"wp-block-heading\">TP PYTHON : cartographie d&#8217;un champ \u00e9lectrostatique (mod\u00e9lisation)<\/h2>\n\n\n\n<p><a href=\"http:\/\/premierespe.flashphys.fr\/wp-content\/uploads\/2023\/09\/06f4ce07a9aee24bbf67660dd746f8bb.docx\">TP Python cartographie champ electrostatique.docx<\/a><\/p>\n\n\n\n<p><a href=\"http:\/\/premierespe.flashphys.fr\/wp-content\/uploads\/2023\/09\/88c4a033cff52c714fba569896e94bca.zip\">09_cartechamp.zip<\/a><\/p>\n\n\n\n<p><a href=\"http:\/\/premierespe.flashphys.fr\/wp-content\/uploads\/2023\/09\/6cc959eb6a2506bbf9dceefebaa23e25.docx\">CODE PYTHON.docx<\/a><\/p>\n\n\n\n<h2 class=\"wp-block-heading\">R\u00e9solution de probl\u00e8me<\/h2>\n\n\n\n<p><a href=\"http:\/\/premierespe.flashphys.fr\/wp-content\/uploads\/2023\/09\/91da225f798cb8981cd5d2b5a0b7cf92.docx\">rdp iss inter fond \u00e9l\u00e8ve.docx<\/a><\/p>\n\n\n\n<h2 class=\"wp-block-heading\"><strong>Histoire des Sciences : L&#8217;exp\u00e9rience de Millikan (r\u00e9solution de probl\u00e8me)<\/strong><\/h2>\n\n\n\n<p><a href=\"http:\/\/premierespe.flashphys.fr\/wp-content\/uploads\/2023\/09\/1087de59f65d174e87ae4e9124501e3d.pdf\">exp\u00e9rience de Millikan.pdf<\/a><\/p>\n\n\n\n<p><iframe src=\"\/\/www.youtube.com\/embed\/UFiPWv03f6g?wmode=transparent\"><\/iframe><\/p>\n\n\n\n<h2 class=\"wp-block-heading\">Pour r\u00e9viser : carte mentale<\/h2>\n\n\n\n<p><a href=\"http:\/\/premierespe.flashphys.fr\/wp-content\/uploads\/2023\/09\/57aaa750e6be762434a791a52c0c43b3.pdf\">carte mentale interaction.pdf<\/a><\/p>\n","protected":false},"excerpt":{"rendered":"<p>Cours \u00e0 compl\u00e9ter sur le livret p 46 \u00e0 56 R\u00e9sum\u00e9s et compl\u00e9ments COURS : cours interactions champ.docx TP : interaction \u00e9lectrostatique TP \u00e9lectrostatique.odt TP electrostatique corrig\u00e9.doc TP Champs gravitationnel et \u00e9lectrostatique.docx TP Champs correction.docx TP : Mesure du champ gravitationnel \u00e0 Romilly TP champ de pesanteur de Romilly.doc Exercices type exo electrostatique 1.pdf correction&hellip;<\/p>\n","protected":false},"author":1,"featured_media":0,"parent":0,"menu_order":0,"comment_status":"closed","ping_status":"closed","template":"","meta":{"footnotes":""},"_links":{"self":[{"href":"https:\/\/premierespe.flashphys.fr\/index.php?rest_route=\/wp\/v2\/pages\/199"}],"collection":[{"href":"https:\/\/premierespe.flashphys.fr\/index.php?rest_route=\/wp\/v2\/pages"}],"about":[{"href":"https:\/\/premierespe.flashphys.fr\/index.php?rest_route=\/wp\/v2\/types\/page"}],"author":[{"embeddable":true,"href":"https:\/\/premierespe.flashphys.fr\/index.php?rest_route=\/wp\/v2\/users\/1"}],"replies":[{"embeddable":true,"href":"https:\/\/premierespe.flashphys.fr\/index.php?rest_route=%2Fwp%2Fv2%2Fcomments&post=199"}],"version-history":[{"count":3,"href":"https:\/\/premierespe.flashphys.fr\/index.php?rest_route=\/wp\/v2\/pages\/199\/revisions"}],"predecessor-version":[{"id":503,"href":"https:\/\/premierespe.flashphys.fr\/index.php?rest_route=\/wp\/v2\/pages\/199\/revisions\/503"}],"wp:attachment":[{"href":"https:\/\/premierespe.flashphys.fr\/index.php?rest_route=%2Fwp%2Fv2%2Fmedia&parent=199"}],"curies":[{"name":"wp","href":"https:\/\/api.w.org\/{rel}","templated":true}]}}