{"id":198,"date":"2023-09-04T10:55:32","date_gmt":"2023-09-04T08:55:32","guid":{"rendered":"https:\/\/premierespe.flashphys.fr\/?page_id=198"},"modified":"2024-12-18T14:09:13","modified_gmt":"2024-12-18T13:09:13","slug":"page-631d8cbadf465-html","status":"publish","type":"page","link":"https:\/\/premierespe.flashphys.fr\/?page_id=198","title":{"rendered":"Chap 10  : dosage par titrage (colorim\u00e9trique)"},"content":{"rendered":"\n<h3 class=\"wp-block-heading\">Feuille de route<\/h3>\n\n\n\n<p><a href=\"http:\/\/premierespe.flashphys.fr\/wp-content\/uploads\/2023\/09\/189081f314ff75edc1872898dd1e88f6.docx\">feuille de route dosage titrage.docx<\/a><\/p>\n\n\n\n<p><iframe src=\"\/\/www.youtube.com\/embed\/6ivK92MCI9w?wmode=transparent\"><\/iframe><iframe src=\"\/\/www.youtube.com\/embed\/xamXNWEY0IM?wmode=transparent\"><\/iframe><iframe src=\"\/\/www.youtube.com\/embed\/Q-N6M8K5hDg?wmode=transparent\"><\/iframe><\/p>\n\n\n\n<h2 class=\"wp-block-heading\">COURS&nbsp;<\/h2>\n\n\n\n<p><a href=\"http:\/\/premierespe.flashphys.fr\/wp-content\/uploads\/2023\/09\/83ddd413fbbb037c1e3d5bc2d7581024.doc\">cours titrage colori.doc<\/a><\/p>\n\n\n\n<p><a href=\"http:\/\/premierespe.flashphys.fr\/wp-content\/uploads\/2023\/09\/311d678a10856cfb3bfd6a84da3b4bee.doc\">cours titrage colori correction.doc<\/a><\/p>\n\n\n\n<p><a href=\"http:\/\/premierespe.flashphys.fr\/wp-content\/uploads\/2023\/09\/13db0d1dc1ea21b421ebb2f456491ae2.docx\">correction exo titrage 1ere.docx<\/a><\/p>\n\n\n\n<h2 class=\"wp-block-heading\">TP : contr\u00f4le de qualit\u00e9 de la B\u00e9tadine<\/h2>\n\n\n\n<p><a href=\"http:\/\/premierespe.flashphys.fr\/wp-content\/uploads\/2023\/09\/66c5f45b8bcb48fc76bec7c757ad767b.docx\">titage betadine \u00e9l\u00e8ve.docx<\/a><\/p>\n\n\n\n<h2 class=\"wp-block-heading\">Exercices<\/h2>\n\n\n\n<p><a href=\"http:\/\/premierespe.flashphys.fr\/wp-content\/uploads\/2023\/09\/c4fc4df19dca7bae5f5d3e142ebf1e67.pdf\">Exercice dosage par titrage.pdf<\/a><\/p>\n\n\n\n<p><a href=\"http:\/\/premierespe.flashphys.fr\/wp-content\/uploads\/2023\/09\/9f5a81bfb61cfe7502b9a834a69872eb.docx\">Exercice dosage par titrage correction.docx<\/a><\/p>\n\n\n\n<h2 class=\"wp-block-heading\">R\u00e9soudre un probl\u00e8me<\/h2>\n\n\n\n<p><a href=\"http:\/\/premierespe.flashphys.fr\/wp-content\/uploads\/2023\/09\/9ff26e993ad5328f6b859e14f6916ed7.pdf\">rdp teneur en O2 dans rivi\u00e8re.pdf<\/a><\/p>\n\n\n\n<h2 class=\"wp-block-heading\">Pour r\u00e9viser : carte mentale<\/h2>\n\n\n\n<p><a href=\"http:\/\/premierespe.flashphys.fr\/wp-content\/uploads\/2023\/09\/4821c1f58de5abdca02412cd503b13c2.pdf\">carte mentale dosage colorim\u00e9trique.pdf<\/a><\/p>\n","protected":false},"excerpt":{"rendered":"<p>Feuille de route feuille de route dosage titrage.docx COURS&nbsp; cours titrage colori.doc cours titrage colori correction.doc correction exo titrage 1ere.docx TP : contr\u00f4le de qualit\u00e9 de la B\u00e9tadine titage betadine \u00e9l\u00e8ve.docx Exercices Exercice dosage par titrage.pdf Exercice dosage par titrage correction.docx R\u00e9soudre un probl\u00e8me rdp teneur en O2 dans rivi\u00e8re.pdf Pour r\u00e9viser : carte mentale&hellip;<\/p>\n","protected":false},"author":1,"featured_media":0,"parent":0,"menu_order":0,"comment_status":"closed","ping_status":"closed","template":"","meta":{"footnotes":""},"_links":{"self":[{"href":"https:\/\/premierespe.flashphys.fr\/index.php?rest_route=\/wp\/v2\/pages\/198"}],"collection":[{"href":"https:\/\/premierespe.flashphys.fr\/index.php?rest_route=\/wp\/v2\/pages"}],"about":[{"href":"https:\/\/premierespe.flashphys.fr\/index.php?rest_route=\/wp\/v2\/types\/page"}],"author":[{"embeddable":true,"href":"https:\/\/premierespe.flashphys.fr\/index.php?rest_route=\/wp\/v2\/users\/1"}],"replies":[{"embeddable":true,"href":"https:\/\/premierespe.flashphys.fr\/index.php?rest_route=%2Fwp%2Fv2%2Fcomments&post=198"}],"version-history":[{"count":3,"href":"https:\/\/premierespe.flashphys.fr\/index.php?rest_route=\/wp\/v2\/pages\/198\/revisions"}],"predecessor-version":[{"id":470,"href":"https:\/\/premierespe.flashphys.fr\/index.php?rest_route=\/wp\/v2\/pages\/198\/revisions\/470"}],"wp:attachment":[{"href":"https:\/\/premierespe.flashphys.fr\/index.php?rest_route=%2Fwp%2Fv2%2Fmedia&parent=198"}],"curies":[{"name":"wp","href":"https:\/\/api.w.org\/{rel}","templated":true}]}}