{"id":197,"date":"2023-09-04T10:55:32","date_gmt":"2023-09-04T08:55:32","guid":{"rendered":"https:\/\/premierespe.flashphys.fr\/?page_id=197"},"modified":"2025-02-03T09:20:45","modified_gmt":"2025-02-03T08:20:45","slug":"page-631d8cc2797db-html","status":"publish","type":"page","link":"https:\/\/premierespe.flashphys.fr\/?page_id=197","title":{"rendered":"Chap 11 : mouvement et forces"},"content":{"rendered":"\n<h1 class=\"wp-block-heading\"><iframe src=\"\/\/www.youtube.com\/embed\/vEP37lVTQBY?wmode=transparent\"><\/iframe><\/h1>\n\n\n\n<h2 class=\"wp-block-heading\"><strong>COURS<\/strong><\/h2>\n\n\n\n<p><a href=\"http:\/\/premierespe.flashphys.fr\/wp-content\/uploads\/2023\/09\/d2424b395dbacd3d57ff23ad37c02656.docx\">cours mouvement et forces.docx<\/a><\/p>\n\n\n\n<p><a href=\"http:\/\/premierespe.flashphys.fr\/wp-content\/uploads\/2023\/09\/51a32a1ad565f6ca401ad3c27e920534.docx\">cours mouvement et forces correction.docx<\/a><\/p>\n\n\n\n<p style=\"font-size:30px\"><strong>Fiche de m\u00e9morisation<\/strong><\/p>\n\n\n\n<div class=\"wp-block-file\"><a id=\"wp-block-file--media-adf2214a-d520-4c77-9aaa-39165c0c4243\" href=\"https:\/\/premierespe.flashphys.fr\/wp-content\/uploads\/2025\/02\/Fiche_Memorisation_Mouvement_Forces.docx\">Fiche_Memorisation_Mouvement_Forces<\/a><\/div>\n\n\n\n<h2 class=\"wp-block-heading\">Exercices<\/h2>\n\n\n\n<p><a href=\"http:\/\/premierespe.flashphys.fr\/wp-content\/uploads\/2023\/09\/071aa6d427847b5646ae62488302477f.pdf\">exos mouvements forces \u00e9l\u00e8ves.pdf<\/a><\/p>\n\n\n\n<p><a href=\"http:\/\/premierespe.flashphys.fr\/wp-content\/uploads\/2023\/09\/149baf770e08ca6b55d836c5fe09892d.docx\">exos mouvements forces correction.docx<\/a><\/p>\n\n\n\n<p><a href=\"http:\/\/premierespe.flashphys.fr\/wp-content\/uploads\/2023\/09\/2644d595bce6819bec207f56c395f179.pdf\">Exercice lancer marteau.pdf<\/a><\/p>\n\n\n\n<p><a href=\"http:\/\/premierespe.flashphys.fr\/wp-content\/uploads\/2023\/09\/14503154b57100efe9110b54362bd918.docx\">Exercice lancer marteau correction.docx<\/a><\/p>\n\n\n\n<div class=\"wp-block-file\"><a id=\"wp-block-file--media-47c9d9c1-e217-4eb8-93f7-84150c5f62d0\" href=\"https:\/\/premierespe.flashphys.fr\/wp-content\/uploads\/2025\/02\/exo-corrige-plongueur-poussee-archi.docx\">exo-corrige-plongueur-poussee-archi<\/a><\/div>\n\n\n\n<h2 class=\"wp-block-heading\">R\u00e9solution de probl\u00e8me<\/h2>\n\n\n\n<p><a href=\"http:\/\/premierespe.flashphys.fr\/wp-content\/uploads\/2023\/09\/a9db3752e0725fcc9fbe48a5c83950dd.pdf\">rdp mouvement spectrometre .pdf<\/a><\/p>\n\n\n\n<h2 class=\"wp-block-heading\">TP : mouvement et vitesse<\/h2>\n\n\n\n<p>Attention, il faut avoir install\u00e9 les logiciels AVIMECA, REGRESSI et EDUPYTHON pour ce tp !<\/p>\n\n\n\n<p><a href=\"http:\/\/premierespe.flashphys.fr\/wp-content\/uploads\/2023\/09\/224341934504dfa8835ca441e1e07eb2.doc\">TP VITESSE basket premiere.doc<\/a><\/p>\n\n\n\n<p><a href=\"http:\/\/premierespe.flashphys.fr\/wp-content\/uploads\/2023\/09\/basket.avi\">video basket.rar<\/a><\/p>\n\n\n\n<p><a href=\"http:\/\/premierespe.flashphys.fr\/wp-content\/uploads\/2023\/09\/tp-basket-parabolique-eleve.zip\">tp basket parabolique \u00e9l\u00e8ve.rar<\/a><\/p>\n\n\n\n<h2 class=\"wp-block-heading\">TP : lien entre le vecteur variation de vitesse et force<\/h2>\n\n\n\n<p>sous Python<\/p>\n\n\n\n<p><a href=\"http:\/\/premierespe.flashphys.fr\/wp-content\/uploads\/2023\/09\/b401c725ed76a98f3629f6ef7249d247.docx\">tp python lien entre delta v et forces.docx<\/a><\/p>\n\n\n\n<p><a href=\"http:\/\/premierespe.flashphys.fr\/wp-content\/uploads\/2023\/09\/1b29e80f7a944590e7c3dc73e13611d4.csv\">pointage.csv<\/a><\/p>\n\n\n\n<p><a href=\"http:\/\/premierespe.flashphys.fr\/wp-content\/uploads\/2023\/09\/pointage-basket.zip\">pointage basket.rar<\/a><\/p>\n\n\n\n<h2 class=\"wp-block-heading\">Activit\u00e9 : r\u00f4le de la masse<\/h2>\n\n\n\n<p><a href=\"http:\/\/premierespe.flashphys.fr\/wp-content\/uploads\/2023\/09\/0f2c628d3c550dc701ea784cbe55e9ab.pdf\">role de la masse \u00e9l\u00e8ve.pdf<\/a><\/p>\n","protected":false},"excerpt":{"rendered":"<p>COURS cours mouvement et forces.docx cours mouvement et forces correction.docx Fiche de m\u00e9morisation Exercices exos mouvements forces \u00e9l\u00e8ves.pdf exos mouvements forces correction.docx Exercice lancer marteau.pdf Exercice lancer marteau correction.docx R\u00e9solution de probl\u00e8me rdp mouvement spectrometre .pdf TP : mouvement et vitesse Attention, il faut avoir install\u00e9 les logiciels AVIMECA, REGRESSI et EDUPYTHON pour ce tp&hellip;<\/p>\n","protected":false},"author":1,"featured_media":0,"parent":0,"menu_order":0,"comment_status":"closed","ping_status":"closed","template":"","meta":{"footnotes":""},"_links":{"self":[{"href":"https:\/\/premierespe.flashphys.fr\/index.php?rest_route=\/wp\/v2\/pages\/197"}],"collection":[{"href":"https:\/\/premierespe.flashphys.fr\/index.php?rest_route=\/wp\/v2\/pages"}],"about":[{"href":"https:\/\/premierespe.flashphys.fr\/index.php?rest_route=\/wp\/v2\/types\/page"}],"author":[{"embeddable":true,"href":"https:\/\/premierespe.flashphys.fr\/index.php?rest_route=\/wp\/v2\/users\/1"}],"replies":[{"embeddable":true,"href":"https:\/\/premierespe.flashphys.fr\/index.php?rest_route=%2Fwp%2Fv2%2Fcomments&post=197"}],"version-history":[{"count":4,"href":"https:\/\/premierespe.flashphys.fr\/index.php?rest_route=\/wp\/v2\/pages\/197\/revisions"}],"predecessor-version":[{"id":487,"href":"https:\/\/premierespe.flashphys.fr\/index.php?rest_route=\/wp\/v2\/pages\/197\/revisions\/487"}],"wp:attachment":[{"href":"https:\/\/premierespe.flashphys.fr\/index.php?rest_route=%2Fwp%2Fv2%2Fmedia&parent=197"}],"curies":[{"name":"wp","href":"https:\/\/api.w.org\/{rel}","templated":true}]}}