{"id":196,"date":"2023-09-04T10:55:29","date_gmt":"2023-09-04T08:55:29","guid":{"rendered":"https:\/\/premierespe.flashphys.fr\/?page_id=196"},"modified":"2023-09-04T21:23:50","modified_gmt":"2023-09-04T19:23:50","slug":"page-612dc2a1916ba-html","status":"publish","type":"page","link":"https:\/\/premierespe.flashphys.fr\/?page_id=196","title":{"rendered":"Consignes TP"},"content":{"rendered":"\n<figure class=\"wp-block-image\"><img decoding=\"async\" src=\"https:\/\/monsite.woopic.com\/383\/p\/phyrompremierespe\/img\/cdeb6f4c3c6a7bfe4c813a58569b9b55.png\" alt=\"consignes tp\"\/><\/figure>\n\n\n\n<p><a href=\"http:\/\/premierespe.flashphys.fr\/wp-content\/uploads\/2023\/09\/68ed221be2cbe41f481f360d661ea1ea.pdf\" target=\"_blank\" rel=\"noreferrer noopener\">consignes tp de yoda.pdf<\/a><\/p>\n\n\n\n<h2 class=\"wp-block-heading\">S\u00e9curit\u00e9, pictogrammes<\/h2>\n\n\n\n<p><a href=\"http:\/\/premierespe.flashphys.fr\/wp-content\/uploads\/2023\/09\/f5a70b5ceaeee45307850bb12ef96622.pdf\" target=\"_blank\" rel=\"noreferrer noopener\">s\u00e9curit\u00e9-chimie.pdf<\/a><\/p>\n\n\n\n<h2 class=\"wp-block-heading\">Jeu sur les pictogrammes de s\u00e9curit\u00e9<\/h2>\n\n\n\n<p><a href=\"https:\/\/learningapps.org\/view2888079\">Jeu s\u00e9curit\u00e9<\/a><\/p>\n","protected":false},"excerpt":{"rendered":"<p>consignes tp de yoda.pdf S\u00e9curit\u00e9, pictogrammes s\u00e9curit\u00e9-chimie.pdf Jeu sur les pictogrammes de s\u00e9curit\u00e9 Jeu s\u00e9curit\u00e9<\/p>\n","protected":false},"author":1,"featured_media":0,"parent":0,"menu_order":0,"comment_status":"closed","ping_status":"closed","template":"","meta":{"footnotes":""},"_links":{"self":[{"href":"https:\/\/premierespe.flashphys.fr\/index.php?rest_route=\/wp\/v2\/pages\/196"}],"collection":[{"href":"https:\/\/premierespe.flashphys.fr\/index.php?rest_route=\/wp\/v2\/pages"}],"about":[{"href":"https:\/\/premierespe.flashphys.fr\/index.php?rest_route=\/wp\/v2\/types\/page"}],"author":[{"embeddable":true,"href":"https:\/\/premierespe.flashphys.fr\/index.php?rest_route=\/wp\/v2\/users\/1"}],"replies":[{"embeddable":true,"href":"https:\/\/premierespe.flashphys.fr\/index.php?rest_route=%2Fwp%2Fv2%2Fcomments&post=196"}],"version-history":[{"count":1,"href":"https:\/\/premierespe.flashphys.fr\/index.php?rest_route=\/wp\/v2\/pages\/196\/revisions"}],"predecessor-version":[{"id":318,"href":"https:\/\/premierespe.flashphys.fr\/index.php?rest_route=\/wp\/v2\/pages\/196\/revisions\/318"}],"wp:attachment":[{"href":"https:\/\/premierespe.flashphys.fr\/index.php?rest_route=%2Fwp%2Fv2%2Fmedia&parent=196"}],"curies":[{"name":"wp","href":"https:\/\/api.w.org\/{rel}","templated":true}]}}