{"id":194,"date":"2023-09-04T10:55:29","date_gmt":"2023-09-04T08:55:29","guid":{"rendered":"https:\/\/premierespe.flashphys.fr\/?page_id=194"},"modified":"2024-11-21T13:49:37","modified_gmt":"2024-11-21T12:49:37","slug":"page-631195d28e060-html","status":"publish","type":"page","link":"https:\/\/premierespe.flashphys.fr\/?page_id=194","title":{"rendered":"Chap 8 : Oxydor\u00e9duction"},"content":{"rendered":"\n<h2 class=\"wp-block-heading\">TP cours introductif (pas besoin de faire les manips)<\/h2>\n\n\n\n<p><a href=\"http:\/\/premierespe.flashphys.fr\/wp-content\/uploads\/2023\/09\/fc313d5bbf3e570866549025ecb0e7c6.pptx\">les manip de cours redox.pptx<\/a><\/p>\n\n\n\n<p><a href=\"http:\/\/premierespe.flashphys.fr\/wp-content\/uploads\/2023\/09\/c2d7507e0db00547b2b72bbe4332ee40.docx\">TPintro redox.docx<\/a><\/p>\n\n\n\n<p><a href=\"http:\/\/premierespe.flashphys.fr\/wp-content\/uploads\/2023\/09\/f53a3234d35fad4813b9b63677950f4b.pdf\">TPintro redox correction.pdf<\/a><\/p>\n\n\n\n<p style=\"font-size:28px\"><strong>TP introductif version 2024 avec les manipulations<\/strong><\/p>\n\n\n\n<div class=\"wp-block-file\"><a id=\"wp-block-file--media-ed045064-f9ce-4073-bd2c-f78e2f037282\" href=\"https:\/\/premierespe.flashphys.fr\/wp-content\/uploads\/2024\/11\/eleves-TP-Decouverte-des-Reactions-d.docx\">eleves-TP-Decouverte-des-Reactions-d<\/a><a href=\"https:\/\/premierespe.flashphys.fr\/wp-content\/uploads\/2024\/11\/eleves-TP-Decouverte-des-Reactions-d.docx\" class=\"wp-block-file__button wp-element-button\" download aria-describedby=\"wp-block-file--media-ed045064-f9ce-4073-bd2c-f78e2f037282\">T\u00e9l\u00e9charger<\/a><\/div>\n\n\n\n<div class=\"wp-block-file\"><a id=\"wp-block-file--media-d32aad6a-1ea5-4986-880e-949c7af7c7c3\" href=\"https:\/\/premierespe.flashphys.fr\/wp-content\/uploads\/2024\/11\/eleves-TP-Decouverte-des-Reactions-correction.docx\">eleves-TP-Decouverte-des-Reactions-correction<\/a><a href=\"https:\/\/premierespe.flashphys.fr\/wp-content\/uploads\/2024\/11\/eleves-TP-Decouverte-des-Reactions-correction.docx\" class=\"wp-block-file__button wp-element-button\" download aria-describedby=\"wp-block-file--media-d32aad6a-1ea5-4986-880e-949c7af7c7c3\">T\u00e9l\u00e9charger<\/a><\/div>\n\n\n\n<h2 class=\"wp-block-heading\">Jeu en ligne : demi-\u00e9quation redox<\/h2>\n\n\n\n<p><a href=\"https:\/\/learningapps.org\/view26480444\">d\u00e9finir l&#8217;oxydoreduction<\/a><\/p>\n\n\n\n<p><a href=\"https:\/\/learningapps.org\/view14516569\">oxydoreduction<\/a><\/p>\n\n\n\n<p><a href=\"https:\/\/learningapps.org\/view4320823\">jeu demi-\u00e9quation r\u00e9dox<\/a><\/p>\n\n\n\n<p><a href=\"https:\/\/learningapps.org\/view11637711\">equation redox<\/a><\/p>\n\n\n\n<p><iframe src=\"\/\/www.youtube.com\/embed\/O50sHIoTuBA?wmode=transparent\"><\/iframe><\/p>\n\n\n\n<h1 class=\"wp-block-heading\">COURS<\/h1>\n\n\n\n<p><a href=\"http:\/\/premierespe.flashphys.fr\/wp-content\/uploads\/2023\/09\/bf5597126969143d29b6ba9bae1ada91.docx\">Chapitre 3 redox \u00e9l\u00e8ves.docx<\/a><\/p>\n\n\n\n<p><a href=\"http:\/\/premierespe.flashphys.fr\/wp-content\/uploads\/2023\/09\/7834a754c4a81787e86669dca0a9b56e.pdf\">Chapitre 3 redox correction.pdf<\/a><\/p>\n\n\n\n<h2 class=\"wp-block-heading\">Exercices<\/h2>\n\n\n\n<p><a href=\"http:\/\/premierespe.flashphys.fr\/wp-content\/uploads\/2023\/09\/7cfe20b6ff92e264ea77892c95d920f8.pdf\">Exercice chapitre 3 oxydor\u00e9duction.pdf<\/a><\/p>\n\n\n\n<p><a href=\"http:\/\/premierespe.flashphys.fr\/wp-content\/uploads\/2023\/09\/d730ff6b471ed83ce45d93f0a099e74e.pdf\">correction exo redox.pdf<\/a><\/p>\n\n\n\n<h2 class=\"wp-block-heading\">Pour r\u00e9viser : carte mentale<\/h2>\n\n\n\n<p><a href=\"http:\/\/premierespe.flashphys.fr\/wp-content\/uploads\/2023\/09\/9f158ed3526d9630b57d112706597709.pdf\">carte mentale redox.pdf<\/a><\/p>\n","protected":false},"excerpt":{"rendered":"<p>TP cours introductif (pas besoin de faire les manips) les manip de cours redox.pptx TPintro redox.docx TPintro redox correction.pdf TP introductif version 2024 avec les manipulations Jeu en ligne : demi-\u00e9quation redox d\u00e9finir l&#8217;oxydoreduction oxydoreduction jeu demi-\u00e9quation r\u00e9dox equation redox COURS Chapitre 3 redox \u00e9l\u00e8ves.docx Chapitre 3 redox correction.pdf Exercices Exercice chapitre 3 oxydor\u00e9duction.pdf correction&hellip;<\/p>\n","protected":false},"author":1,"featured_media":0,"parent":0,"menu_order":0,"comment_status":"closed","ping_status":"closed","template":"","meta":{"footnotes":""},"_links":{"self":[{"href":"https:\/\/premierespe.flashphys.fr\/index.php?rest_route=\/wp\/v2\/pages\/194"}],"collection":[{"href":"https:\/\/premierespe.flashphys.fr\/index.php?rest_route=\/wp\/v2\/pages"}],"about":[{"href":"https:\/\/premierespe.flashphys.fr\/index.php?rest_route=\/wp\/v2\/types\/page"}],"author":[{"embeddable":true,"href":"https:\/\/premierespe.flashphys.fr\/index.php?rest_route=\/wp\/v2\/users\/1"}],"replies":[{"embeddable":true,"href":"https:\/\/premierespe.flashphys.fr\/index.php?rest_route=%2Fwp%2Fv2%2Fcomments&post=194"}],"version-history":[{"count":3,"href":"https:\/\/premierespe.flashphys.fr\/index.php?rest_route=\/wp\/v2\/pages\/194\/revisions"}],"predecessor-version":[{"id":463,"href":"https:\/\/premierespe.flashphys.fr\/index.php?rest_route=\/wp\/v2\/pages\/194\/revisions\/463"}],"wp:attachment":[{"href":"https:\/\/premierespe.flashphys.fr\/index.php?rest_route=%2Fwp%2Fv2%2Fmedia&parent=194"}],"curies":[{"name":"wp","href":"https:\/\/api.w.org\/{rel}","templated":true}]}}