{"id":193,"date":"2023-09-04T10:55:29","date_gmt":"2023-09-04T08:55:29","guid":{"rendered":"https:\/\/premierespe.flashphys.fr\/?page_id=193"},"modified":"2023-09-04T21:27:37","modified_gmt":"2023-09-04T19:27:37","slug":"page-5d9881c980139-html","status":"publish","type":"page","link":"https:\/\/premierespe.flashphys.fr\/?page_id=193","title":{"rendered":"T\u00e9l\u00e9chargements logiciels"},"content":{"rendered":"\n<h2 class=\"wp-block-heading\"><strong>Edupython (programmation)<br><\/strong><\/h2>\n\n\n\n<figure class=\"wp-block-embed\"><div class=\"wp-block-embed__wrapper\">\nhttps:\/\/edupython.tuxfamily.org\/\n<\/div><\/figure>\n\n\n\n<h2 class=\"wp-block-heading\"><strong>R\u00e9gressi (tableur)<br><\/strong><\/h2>\n\n\n\n<p><a href=\"http:\/\/regressi.fr\/WordPress\/download\/\">http:\/\/regressi.fr\/WordPress\/download\/<\/a><\/p>\n\n\n\n<p><a href=\"http:\/\/premierespe.flashphys.fr\/wp-content\/uploads\/2023\/09\/8c3ad3f24f13647fb85d43d38d89501b.zip\">Regressi.zip<\/a><\/p>\n\n\n\n<h2 class=\"wp-block-heading\"><strong>Avim\u00e9ca (pointage de vid\u00e9os : chronophotographie)<\/strong><\/h2>\n\n\n\n<p><a href=\"http:\/\/premierespe.flashphys.fr\/wp-content\/uploads\/2023\/09\/a8cad72b228faf017df822f3776c55a2.zip\">avimeca3.zip<\/a><\/p>\n\n\n\n<h2 class=\"wp-block-heading\">Les Codecs \u00e0 installer pour utiliser avim\u00e9ca (indispensable)<\/h2>\n\n\n\n<p><a href=\"http:\/\/premierespe.flashphys.fr\/wp-content\/uploads\/2023\/09\/sld.codec_.pack_.2.2.zip\">sld.codec.pack.2.2.rar<\/a><\/p>\n\n\n\n<h2 class=\"wp-block-heading\">Avogadro (pour faire des mol\u00e9cules en 3D)<\/h2>\n\n\n\n<p>T\u00e9l\u00e9chargement possible \u00e0<\/p>\n\n\n\n<p><a href=\"https:\/\/avogadro.fr.softonic.com\/\">https:\/\/avogadro.fr.softonic.com\/<\/a><\/p>\n\n\n\n<p>Sinon taper sous google &#8220;logiciel avogadro &#8220;<\/p>\n\n\n\n<h2 class=\"wp-block-heading\">Pour d\u00e9compresser les fichiers WINRAR<\/h2>\n\n\n\n<p><a href=\"https:\/\/www.win-rar.com\/predownload.html?&amp;L=10\">https:\/\/www.win-rar.com\/predownload.html?&amp;L=10<\/a><\/p>\n\n\n\n<h2 class=\"wp-block-heading\">Utiliser la fonction \u00e9criture manuscrite sous word<\/h2>\n\n\n\n<p><a href=\"http:\/\/premierespe.flashphys.fr\/wp-content\/uploads\/2023\/09\/8ea0594a71f15400ee8d28b6771263b2.pdf\">SAISIE-MANUSCRITE WORD.pdf<\/a><\/p>\n","protected":false},"excerpt":{"rendered":"<p>Edupython (programmation) R\u00e9gressi (tableur) http:\/\/regressi.fr\/WordPress\/download\/ Regressi.zip Avim\u00e9ca (pointage de vid\u00e9os : chronophotographie) avimeca3.zip Les Codecs \u00e0 installer pour utiliser avim\u00e9ca (indispensable) sld.codec.pack.2.2.rar Avogadro (pour faire des mol\u00e9cules en 3D) T\u00e9l\u00e9chargement possible \u00e0 https:\/\/avogadro.fr.softonic.com\/ Sinon taper sous google &#8220;logiciel avogadro &#8220; Pour d\u00e9compresser les fichiers WINRAR https:\/\/www.win-rar.com\/predownload.html?&amp;L=10 Utiliser la fonction \u00e9criture manuscrite sous word SAISIE-MANUSCRITE WORD.pdf<\/p>\n","protected":false},"author":1,"featured_media":0,"parent":0,"menu_order":0,"comment_status":"closed","ping_status":"closed","template":"","meta":{"footnotes":""},"_links":{"self":[{"href":"https:\/\/premierespe.flashphys.fr\/index.php?rest_route=\/wp\/v2\/pages\/193"}],"collection":[{"href":"https:\/\/premierespe.flashphys.fr\/index.php?rest_route=\/wp\/v2\/pages"}],"about":[{"href":"https:\/\/premierespe.flashphys.fr\/index.php?rest_route=\/wp\/v2\/types\/page"}],"author":[{"embeddable":true,"href":"https:\/\/premierespe.flashphys.fr\/index.php?rest_route=\/wp\/v2\/users\/1"}],"replies":[{"embeddable":true,"href":"https:\/\/premierespe.flashphys.fr\/index.php?rest_route=%2Fwp%2Fv2%2Fcomments&post=193"}],"version-history":[{"count":2,"href":"https:\/\/premierespe.flashphys.fr\/index.php?rest_route=\/wp\/v2\/pages\/193\/revisions"}],"predecessor-version":[{"id":372,"href":"https:\/\/premierespe.flashphys.fr\/index.php?rest_route=\/wp\/v2\/pages\/193\/revisions\/372"}],"wp:attachment":[{"href":"https:\/\/premierespe.flashphys.fr\/index.php?rest_route=%2Fwp%2Fv2%2Fmedia&parent=193"}],"curies":[{"name":"wp","href":"https:\/\/api.w.org\/{rel}","templated":true}]}}