{"id":191,"date":"2023-09-04T10:55:26","date_gmt":"2023-09-04T08:55:26","guid":{"rendered":"https:\/\/premierespe.flashphys.fr\/?page_id=191"},"modified":"2025-09-01T15:53:18","modified_gmt":"2025-09-01T13:53:18","slug":"no-title-found","status":"publish","type":"page","link":"https:\/\/premierespe.flashphys.fr\/","title":{"rendered":"Accueil"},"content":{"rendered":"\n<h1 class=\"wp-block-heading\">Bienvenue sur le site des \u00e9l\u00e8ves des classes de Premi\u00e8re Sp\u00e9cialit\u00e9 Physique Chimie de M. Szollosi.<\/h1>\n\n\n\n<p><strong>Sur ce site, vous trouverez tous les documents n\u00e9cessaires pour d\u00e9couvrir chaque chapitre du programme. Le manuel utilis\u00e9 est le suivant :<\/strong><\/p>\n\n\n\n<figure class=\"wp-block-image\"><img decoding=\"async\" src=\"https:\/\/monsite.woopic.com\/383\/f\/300x\/p\/phyrompremierespe\/img\/c955450ba7f5ce1ae9356f5eb74f7dee.png\" alt=\"hatier 1ere\"\/><\/figure>\n\n\n\n<p>Pour utiliser correctement le site vous devez proc\u00e9der \u00e0 chaque chapitre de la fa\u00e7on suivante :<\/p>\n\n\n\n<p>1) Suivre scrupuleusement les instructions sur chaque page du site<\/p>\n\n\n\n<p>2) Visualiser les diff\u00e9rentes vid\u00e9os de cours puis compl\u00e9ter le cours<\/p>\n\n\n\n<p>3) T\u00e9l\u00e9charger et compl\u00e9ter les divers documents \u00e9crits<\/p>\n\n\n\n<h2 class=\"wp-block-heading\"><strong>Et surtout ne vous d\u00e9couragez pas, le professeur est l\u00e0 pour vous aider \u00e0 tout moment !<\/strong><\/h2>\n\n\n\n<h1 class=\"wp-block-heading\"><strong>Bon courage et bonne ann\u00e9e scolaire !!!<\/strong><\/h1>\n\n\n\n<h1 class=\"wp-block-heading\">Compilation des exercices + tableau p\u00e9riodique<\/h1>\n\n\n\n<div class=\"wp-block-file\"><a id=\"wp-block-file--media-c8a2643d-9834-48f5-93a8-94334d8a2db0\" href=\"https:\/\/premierespe.flashphys.fr\/wp-content\/uploads\/2025\/09\/compil-exo1ere_pagenumber.pdf\">compil-exo1ere_pagenumber<\/a><a href=\"https:\/\/premierespe.flashphys.fr\/wp-content\/uploads\/2025\/09\/compil-exo1ere_pagenumber.pdf\" class=\"wp-block-file__button wp-element-button\" download aria-describedby=\"wp-block-file--media-c8a2643d-9834-48f5-93a8-94334d8a2db0\">T\u00e9l\u00e9charger<\/a><\/div>\n\n\n\n<div class=\"wp-block-file\"><a id=\"wp-block-file--media-8aba06c9-5f28-4981-96e4-796c7b957025\" href=\"https:\/\/premierespe.flashphys.fr\/wp-content\/uploads\/2025\/09\/tableau-periodique.pdf\">tableau-periodique<\/a><a href=\"https:\/\/premierespe.flashphys.fr\/wp-content\/uploads\/2025\/09\/tableau-periodique.pdf\" class=\"wp-block-file__button wp-element-button\" download aria-describedby=\"wp-block-file--media-8aba06c9-5f28-4981-96e4-796c7b957025\">T\u00e9l\u00e9charger<\/a><\/div>\n","protected":false},"excerpt":{"rendered":"<p>Bienvenue sur le site des \u00e9l\u00e8ves des classes de Premi\u00e8re Sp\u00e9cialit\u00e9 Physique Chimie de M. Szollosi. Sur ce site, vous trouverez tous les documents n\u00e9cessaires pour d\u00e9couvrir chaque chapitre du programme. Le manuel utilis\u00e9 est le suivant : Pour utiliser correctement le site vous devez proc\u00e9der \u00e0 chaque chapitre de la fa\u00e7on suivante : 1)&hellip;<\/p>\n","protected":false},"author":1,"featured_media":0,"parent":0,"menu_order":0,"comment_status":"closed","ping_status":"closed","template":"","meta":{"footnotes":""},"_links":{"self":[{"href":"https:\/\/premierespe.flashphys.fr\/index.php?rest_route=\/wp\/v2\/pages\/191"}],"collection":[{"href":"https:\/\/premierespe.flashphys.fr\/index.php?rest_route=\/wp\/v2\/pages"}],"about":[{"href":"https:\/\/premierespe.flashphys.fr\/index.php?rest_route=\/wp\/v2\/types\/page"}],"author":[{"embeddable":true,"href":"https:\/\/premierespe.flashphys.fr\/index.php?rest_route=\/wp\/v2\/users\/1"}],"replies":[{"embeddable":true,"href":"https:\/\/premierespe.flashphys.fr\/index.php?rest_route=%2Fwp%2Fv2%2Fcomments&post=191"}],"version-history":[{"count":3,"href":"https:\/\/premierespe.flashphys.fr\/index.php?rest_route=\/wp\/v2\/pages\/191\/revisions"}],"predecessor-version":[{"id":515,"href":"https:\/\/premierespe.flashphys.fr\/index.php?rest_route=\/wp\/v2\/pages\/191\/revisions\/515"}],"wp:attachment":[{"href":"https:\/\/premierespe.flashphys.fr\/index.php?rest_route=%2Fwp%2Fv2%2Fmedia&parent=191"}],"curies":[{"name":"wp","href":"https:\/\/api.w.org\/{rel}","templated":true}]}}