{"id":190,"date":"2023-09-04T10:55:26","date_gmt":"2023-09-04T08:55:26","guid":{"rendered":"https:\/\/premierespe.flashphys.fr\/?page_id=190"},"modified":"2024-11-11T16:36:16","modified_gmt":"2024-11-11T15:36:16","slug":"page-5d63d5d4b919c-html","status":"publish","type":"page","link":"https:\/\/premierespe.flashphys.fr\/?page_id=190","title":{"rendered":"Chap 6  : Pr\u00e9parer des solutions aqueuses"},"content":{"rendered":"\n<p><iframe src=\"\/\/www.youtube.com\/embed\/0uJ9G86DaDE?wmode=transparent\"><\/iframe><iframe src=\"\/\/www.youtube.com\/embed\/X-1sUc8wy34?wmode=transparent\"><\/iframe><iframe src=\"\/\/www.youtube.com\/embed\/Bp3kpVDdYSA?wmode=transparent\"><\/iframe><\/p>\n\n\n\n<h1 class=\"wp-block-heading\">COURS<\/h1>\n\n\n\n<p><a href=\"http:\/\/premierespe.flashphys.fr\/wp-content\/uploads\/2023\/09\/0522562bf2a2ce52efea34e7740c1b17.docx\">Pr\u00e9parer des solutions.docx<\/a><\/p>\n\n\n\n<p><a href=\"http:\/\/premierespe.flashphys.fr\/wp-content\/uploads\/2023\/09\/9a375375e5a3287185eca9bfae5759b5.docx\">pr\u00e9parer des solutions correction.docx<\/a><\/p>\n\n\n\n<h3 class=\"wp-block-heading\">Jeu : dilution vs dissolution<\/h3>\n\n\n\n<p><a href=\"https:\/\/learningapps.org\/view15802505\">jeu dilution vs dissolution<\/a><\/p>\n\n\n\n<h2 class=\"wp-block-heading\">TP : pr\u00e9parer un liquide \u00e9tonnant<\/h2>\n\n\n\n<div class=\"wp-block-file\"><a id=\"wp-block-file--media-58f43a52-81d2-4c06-ad8e-69ea8a647d61\" href=\"https:\/\/premierespe.flashphys.fr\/wp-content\/uploads\/2024\/11\/TP-prepa-solution-liquide-etonnant-2024.docx\">TP-prepa-solution-liquide-etonnant-2024<\/a><a href=\"https:\/\/premierespe.flashphys.fr\/wp-content\/uploads\/2024\/11\/TP-prepa-solution-liquide-etonnant-2024.docx\" class=\"wp-block-file__button wp-element-button\" download aria-describedby=\"wp-block-file--media-58f43a52-81d2-4c06-ad8e-69ea8a647d61\">T\u00e9l\u00e9charger<\/a><\/div>\n\n\n\n<div class=\"wp-block-file\"><a id=\"wp-block-file--media-16521419-3115-4bb4-8e23-573714aa9ff4\" href=\"https:\/\/premierespe.flashphys.fr\/wp-content\/uploads\/2024\/11\/TP-prepa-solution-liquide-etonnant-2024correction.docx\">TP-prepa-solution-liquide-etonnant-2024correction<\/a><a href=\"https:\/\/premierespe.flashphys.fr\/wp-content\/uploads\/2024\/11\/TP-prepa-solution-liquide-etonnant-2024correction.docx\" class=\"wp-block-file__button wp-element-button\" download aria-describedby=\"wp-block-file--media-16521419-3115-4bb4-8e23-573714aa9ff4\">T\u00e9l\u00e9charger<\/a><\/div>\n\n\n\n<h2 class=\"wp-block-heading\">Pour r\u00e9viser : carte mentale<\/h2>\n\n\n\n<p><a href=\"https:\/\/phyrompremierespe.monsite-orange.fr\/file\/61224b73b32fc05cc8cc455cad5af03e.pdf\">carte mentale c<\/a><a href=\"http:\/\/premierespe.flashphys.fr\/wp-content\/uploads\/2023\/09\/61224b73b32fc05cc8cc455cad5af03e.pdf\">h<\/a><a href=\"https:\/\/phyrompremierespe.monsite-orange.fr\/file\/61224b73b32fc05cc8cc455cad5af03e.pdf\">ap 1et 2.pdf<\/a><\/p>\n\n\n\n<p><\/p>\n","protected":false},"excerpt":{"rendered":"<p>COURS Pr\u00e9parer des solutions.docx pr\u00e9parer des solutions correction.docx Jeu : dilution vs dissolution jeu dilution vs dissolution TP : pr\u00e9parer un liquide \u00e9tonnant Pour r\u00e9viser : carte mentale carte mentale chap 1et 2.pdf<\/p>\n","protected":false},"author":1,"featured_media":0,"parent":0,"menu_order":0,"comment_status":"closed","ping_status":"closed","template":"","meta":{"footnotes":""},"_links":{"self":[{"href":"https:\/\/premierespe.flashphys.fr\/index.php?rest_route=\/wp\/v2\/pages\/190"}],"collection":[{"href":"https:\/\/premierespe.flashphys.fr\/index.php?rest_route=\/wp\/v2\/pages"}],"about":[{"href":"https:\/\/premierespe.flashphys.fr\/index.php?rest_route=\/wp\/v2\/types\/page"}],"author":[{"embeddable":true,"href":"https:\/\/premierespe.flashphys.fr\/index.php?rest_route=\/wp\/v2\/users\/1"}],"replies":[{"embeddable":true,"href":"https:\/\/premierespe.flashphys.fr\/index.php?rest_route=%2Fwp%2Fv2%2Fcomments&post=190"}],"version-history":[{"count":5,"href":"https:\/\/premierespe.flashphys.fr\/index.php?rest_route=\/wp\/v2\/pages\/190\/revisions"}],"predecessor-version":[{"id":450,"href":"https:\/\/premierespe.flashphys.fr\/index.php?rest_route=\/wp\/v2\/pages\/190\/revisions\/450"}],"wp:attachment":[{"href":"https:\/\/premierespe.flashphys.fr\/index.php?rest_route=%2Fwp%2Fv2%2Fmedia&parent=190"}],"curies":[{"name":"wp","href":"https:\/\/api.w.org\/{rel}","templated":true}]}}