{"id":188,"date":"2023-09-04T10:55:26","date_gmt":"2023-09-04T08:55:26","guid":{"rendered":"https:\/\/premierespe.flashphys.fr\/?page_id=188"},"modified":"2024-11-11T16:46:01","modified_gmt":"2024-11-11T15:46:01","slug":"page-5d63ce14bf44d-html","status":"publish","type":"page","link":"https:\/\/premierespe.flashphys.fr\/?page_id=188","title":{"rendered":"Chap 5 : Composition chimique d&#8217;un syst\u00e8me"},"content":{"rendered":"\n<h2 class=\"wp-block-heading\">Feuille de route<\/h2>\n\n\n\n<p><a href=\"http:\/\/premierespe.flashphys.fr\/wp-content\/uploads\/2023\/09\/ae830446bd50c5c86d8920d52615bc4d.docx\">feuille route1.docx<\/a><\/p>\n\n\n\n<p><iframe src=\"\/\/www.youtube.com\/embed\/jGy-NKu0S9k?wmode=transparent\"><\/iframe><iframe src=\"\/\/www.youtube.com\/embed\/sok3lW2uY-E?wmode=transparent\"><\/iframe><iframe src=\"\/\/www.youtube.com\/embed\/0JHwAzIXlvA?wmode=transparent\"><\/iframe><\/p>\n\n\n\n<h1 class=\"wp-block-heading\">COURS<\/h1>\n\n\n\n<p><a href=\"http:\/\/premierespe.flashphys.fr\/wp-content\/uploads\/2023\/09\/a7bd2a102201b68ca18c92d65b23ab61.docx\">Quantit\u00e9 de mati\u00e8re eleves 2019.docx<\/a><\/p>\n\n\n\n<p style=\"font-size:27px\"><strong>Fiche de m\u00e9morisation<\/strong><\/p>\n\n\n\n\n\n<h2 class=\"wp-block-heading\">TP : travaux exp\u00e9rimentaux<\/h2>\n\n\n\n<p><a href=\"http:\/\/premierespe.flashphys.fr\/wp-content\/uploads\/2023\/09\/efcd2769c5ad00213bf261e673b2d45f.doc\">mole TP schtroumpf.doc<\/a><\/p>\n\n\n\n<p><iframe src=\"\/\/www.youtube.com\/embed\/ApV0oED14sM?wmode=transparent\"><\/iframe><\/p>\n\n\n\n<h2 class=\"wp-block-heading\">Exercices<\/h2>\n\n\n\n<p><a href=\"http:\/\/premierespe.flashphys.fr\/wp-content\/uploads\/2023\/09\/e80330a2dabcac75db13d18b5d8160ee.pdf\">exo chap 1.pdf<\/a><\/p>\n\n\n\n<h2 class=\"wp-block-heading\"><strong>Correction des exercices<\/strong><\/h2>\n\n\n\n<p><a href=\"http:\/\/premierespe.flashphys.fr\/wp-content\/uploads\/2023\/09\/1ed457808ab57c1be1e59fe508aa2725.docx\">correction exo niveau 1.docx<\/a><\/p>\n\n\n\n<p><a href=\"http:\/\/premierespe.flashphys.fr\/wp-content\/uploads\/2023\/09\/ada3cde7c0df2553ea95c63557504486.docx\">correction exo 2022.docx<\/a><\/p>\n\n\n\n<h1 class=\"wp-block-heading\">Pour r\u00e9viser :<\/h1>\n\n\n\n<p>Carte mentale<\/p>\n\n\n\n<p><a href=\"http:\/\/premierespe.flashphys.fr\/wp-content\/uploads\/2023\/09\/427ab201f1199389c7bf2c1a7df273be.pdf\">carte mentale chap1.pdf<\/a><\/p>\n\n\n\n<p>R\u00e9sum\u00e9 :<\/p>\n\n\n\n<div class=\"wp-block-file\"><a id=\"wp-block-file--media-7a49053d-5379-4c3a-a86b-e85cd53e0911\" href=\"https:\/\/premierespe.flashphys.fr\/wp-content\/uploads\/2024\/11\/fiche-bases-chimie-revisions.pdf\">fiche-bases-chimie-revisions<\/a><a href=\"https:\/\/premierespe.flashphys.fr\/wp-content\/uploads\/2024\/11\/fiche-bases-chimie-revisions.pdf\" class=\"wp-block-file__button wp-element-button\" download aria-describedby=\"wp-block-file--media-7a49053d-5379-4c3a-a86b-e85cd53e0911\">T\u00e9l\u00e9charger<\/a><\/div>\n","protected":false},"excerpt":{"rendered":"<p>Feuille de route feuille route1.docx COURS Quantit\u00e9 de mati\u00e8re eleves 2019.docx Fiche de m\u00e9morisation TP : travaux exp\u00e9rimentaux mole TP schtroumpf.doc Exercices exo chap 1.pdf Correction des exercices correction exo niveau 1.docx correction exo 2022.docx Pour r\u00e9viser : Carte mentale carte mentale chap1.pdf R\u00e9sum\u00e9 :<\/p>\n","protected":false},"author":1,"featured_media":0,"parent":0,"menu_order":0,"comment_status":"closed","ping_status":"closed","template":"","meta":{"footnotes":""},"_links":{"self":[{"href":"https:\/\/premierespe.flashphys.fr\/index.php?rest_route=\/wp\/v2\/pages\/188"}],"collection":[{"href":"https:\/\/premierespe.flashphys.fr\/index.php?rest_route=\/wp\/v2\/pages"}],"about":[{"href":"https:\/\/premierespe.flashphys.fr\/index.php?rest_route=\/wp\/v2\/types\/page"}],"author":[{"embeddable":true,"href":"https:\/\/premierespe.flashphys.fr\/index.php?rest_route=\/wp\/v2\/users\/1"}],"replies":[{"embeddable":true,"href":"https:\/\/premierespe.flashphys.fr\/index.php?rest_route=%2Fwp%2Fv2%2Fcomments&post=188"}],"version-history":[{"count":6,"href":"https:\/\/premierespe.flashphys.fr\/index.php?rest_route=\/wp\/v2\/pages\/188\/revisions"}],"predecessor-version":[{"id":454,"href":"https:\/\/premierespe.flashphys.fr\/index.php?rest_route=\/wp\/v2\/pages\/188\/revisions\/454"}],"wp:attachment":[{"href":"https:\/\/premierespe.flashphys.fr\/index.php?rest_route=%2Fwp%2Fv2%2Fmedia&parent=188"}],"curies":[{"name":"wp","href":"https:\/\/api.w.org\/{rel}","templated":true}]}}